{"id":6410,"date":"2025-11-03T09:06:50","date_gmt":"2025-11-03T14:06:50","guid":{"rendered":"https:\/\/csdc-cecd.ca\/serie-de-conference-a-lawlor\/"},"modified":"2025-12-04T09:28:36","modified_gmt":"2025-12-04T14:28:36","slug":"serie-de-conference-a-lawlor","status":"publish","type":"page","link":"https:\/\/csdc-cecd.ca\/en\/serie-de-conference-a-lawlor\/","title":{"rendered":"S\u00e9rie de conf\u00e9rence &#8211; A. Lawlor"},"content":{"rendered":"<p>[et_pb_section fb_built=&#8221;1&#8243; _builder_version=&#8221;4.27.4&#8243; _module_preset=&#8221;default&#8221; global_colors_info=&#8221;{}&#8221;][et_pb_row _builder_version=&#8221;4.27.4&#8243; _module_preset=&#8221;default&#8221; global_colors_info=&#8221;{}&#8221;][et_pb_column type=&#8221;4_4&#8243; _builder_version=&#8221;4.27.4&#8243; _module_preset=&#8221;default&#8221; global_colors_info=&#8221;{}&#8221;][et_pb_image src=&#8221;https:\/\/csdc-cecd.ca\/wp-content\/uploads\/2025\/11\/Andrea-Lawlor-20251205-1.png&#8221; title_text=&#8221;Andrea Lawlor &#8211; 20251205 (1)&#8221; _builder_version=&#8221;4.27.4&#8243; _module_preset=&#8221;default&#8221; global_colors_info=&#8221;{}&#8221;][\/et_pb_image][\/et_pb_column][\/et_pb_row][et_pb_row _builder_version=&#8221;4.27.4&#8243; _module_preset=&#8221;default&#8221; global_colors_info=&#8221;{}&#8221;][et_pb_column type=&#8221;4_4&#8243; _builder_version=&#8221;4.27.4&#8243; _module_preset=&#8221;default&#8221; global_colors_info=&#8221;{}&#8221;][et_pb_text _builder_version=&#8221;4.27.4&#8243; _module_preset=&#8221;default&#8221; hover_enabled=&#8221;0&#8243; sticky_enabled=&#8221;0&#8243;]<\/p>\n<p>The Centre for the Study of democratic Citizenships presents:<\/p>\n<p class=\"p1\"><strong>Judicial Legitimacy under Threat: Public Support for Canadian Courts in a Time of Institutional Division<br \/><\/strong><a href=\"https:\/\/experts.mcmaster.ca\/people\/lawlora\">Andrea Lawlor<\/a> (<span>Department of Political Science and the Public Policy (Digital Society)<\/span><span>, McMaster University<\/span>, Hamilton, Canada)<\/p>\n<p class=\"p1\"><strong>Registration, <span style=\"text-decoration: underline;\"><a href=\"https:\/\/cecdudemscpol.qualtrics.com\/jfe\/form\/SV_87hNWwo4LNOU5PE\">here<\/a><\/span><\/strong><\/p>\n<p>When: Decembre\u00a0 5 , 2025, 3\/4:30 p.m.<br \/>Where: <span>Universit\u00e9 de Montr\u00e9al, <\/span><span>Pavillon Lionel-Groulx, Salle<\/span><span> C-2059, <\/span><span>3150, rue Jean-Brillant, <\/span><span>Montr\u00e9al (Qu\u00e9bec) H3C 3J7<\/span><\/p>\n<p>Canadian courts have been thought to enjoy long-standing support from the public. As an unelected judiciary, this support is considered the bedrock of the courts\u2019 legitimacy, and creates a strong incentive for legislative compliance with its decisions. However, widespread fears of increasing institutional mistrust raise concerns about whether trust in Canadian judiciary is also in decline and how Canadians see the courts\u2019authority in light of increased pressure from political actors who view it as an impediment to ideologically-motivated political change. This study looks at three facets of Canadians\u2019 trust in courts: broad support for the courts\u2019 as institution, support for court curbing policies that restrict judicial authority, and perceptions of judicial legitimacy or the ability for courts to operate independent of the legislature in line with their constitutionally mandated role. Using a new two-wave panel survey, we explore observational and experimental findings to answer questions about the conditions under which support from the courts holds in the face of changing political and legal events.<\/p>\n<p><span>The Centre for the Study of Democratic Citizenship is funded by the\u00a0<\/span><a href=\"https:\/\/frq.gouv.qc.ca\/societe-et-culture\/?_gl=1*2hx8i9*_up*MQ..&amp;gclid=CjwKCAjw8rW2BhAgEiwAoRO5rLFcVqh4eqvH4BFjcAOLimLDAGOrP52xh6QE6R1B-28SNQZdkOjFHRoCRPcQAvD_BwE\">Fonds de recherche du Qu\u00e9bec \u2013 Soci\u00e9t\u00e9 et culture (FRQSC)<\/a><span>.<\/span><\/p>\n<p>[\/et_pb_text][\/et_pb_column][\/et_pb_row][\/et_pb_section]<\/p>\n","protected":false},"excerpt":{"rendered":"<p>The Centre for the Study of democratic Citizenships presents: Judicial Legitimacy under Threat: Public Support for Canadian Courts in a Time of Institutional DivisionAndrea Lawlor (Department of Political Science and the Public Policy (Digital Society), McMaster University, Hamilton, Canada) Registration, here When: Decembre\u00a0 5 , 2025, 3\/4:30 p.m.Where: Universit\u00e9 de Montr\u00e9al, Pavillon Lionel-Groulx, Salle C-2059, [&hellip;]<\/p>\n","protected":false},"author":1,"featured_media":0,"parent":0,"menu_order":0,"comment_status":"closed","ping_status":"closed","template":"","meta":{"_et_pb_use_builder":"on","_et_pb_old_content":"","_et_gb_content_width":"","footnotes":""},"class_list":["post-6410","page","type-page","status-publish","hentry"],"yoast_head":"<!-- This site is optimized with the Yoast SEO plugin v27.4 - https:\/\/yoast.com\/product\/yoast-seo-wordpress\/ -->\n<title>S\u00e9rie de conf\u00e9rence - A. Lawlor - CECD - Centre pour l&#039;\u00e9tude de la citoyennet\u00e9 d\u00e9mocratique<\/title>\n<meta name=\"robots\" content=\"index, follow, max-snippet:-1, max-image-preview:large, max-video-preview:-1\" \/>\n<link rel=\"canonical\" href=\"https:\/\/csdc-cecd.ca\/en\/serie-de-conference-a-lawlor\/\" \/>\n<meta property=\"og:locale\" content=\"en_US\" \/>\n<meta property=\"og:type\" content=\"article\" \/>\n<meta property=\"og:title\" content=\"S\u00e9rie de conf\u00e9rence - A. Lawlor - CECD - Centre pour l&#039;\u00e9tude de la citoyennet\u00e9 d\u00e9mocratique\" \/>\n<meta property=\"og:description\" content=\"The Centre for the Study of democratic Citizenships presents: Judicial Legitimacy under Threat: Public Support for Canadian Courts in a Time of Institutional DivisionAndrea Lawlor (Department of Political Science and the Public Policy (Digital Society), McMaster University, Hamilton, Canada) Registration, here When: Decembre\u00a0 5 , 2025, 3\/4:30 p.m.Where: Universit\u00e9 de Montr\u00e9al, Pavillon Lionel-Groulx, Salle C-2059, [&hellip;]\" \/>\n<meta property=\"og:url\" content=\"https:\/\/csdc-cecd.ca\/en\/serie-de-conference-a-lawlor\/\" \/>\n<meta property=\"og:site_name\" content=\"CECD - Centre pour l&#039;\u00e9tude de la citoyennet\u00e9 d\u00e9mocratique\" \/>\n<meta property=\"article:modified_time\" content=\"2025-12-04T14:28:36+00:00\" \/>\n<meta name=\"twitter:card\" content=\"summary_large_image\" \/>\n<script type=\"application\/ld+json\" class=\"yoast-schema-graph\">{\"@context\":\"https:\\\/\\\/schema.org\",\"@graph\":[{\"@type\":\"WebPage\",\"@id\":\"https:\\\/\\\/csdc-cecd.ca\\\/en\\\/serie-de-conference-a-lawlor\\\/\",\"url\":\"https:\\\/\\\/csdc-cecd.ca\\\/en\\\/serie-de-conference-a-lawlor\\\/\",\"name\":\"S\u00e9rie de conf\u00e9rence - A. Lawlor - CECD - Centre pour l&#039;\u00e9tude de la citoyennet\u00e9 d\u00e9mocratique\",\"isPartOf\":{\"@id\":\"https:\\\/\\\/csdc-cecd.ca\\\/#website\"},\"datePublished\":\"2025-11-03T14:06:50+00:00\",\"dateModified\":\"2025-12-04T14:28:36+00:00\",\"breadcrumb\":{\"@id\":\"https:\\\/\\\/csdc-cecd.ca\\\/en\\\/serie-de-conference-a-lawlor\\\/#breadcrumb\"},\"inLanguage\":\"en-US\",\"potentialAction\":[{\"@type\":\"ReadAction\",\"target\":[\"https:\\\/\\\/csdc-cecd.ca\\\/en\\\/serie-de-conference-a-lawlor\\\/\"]}]},{\"@type\":\"BreadcrumbList\",\"@id\":\"https:\\\/\\\/csdc-cecd.ca\\\/en\\\/serie-de-conference-a-lawlor\\\/#breadcrumb\",\"itemListElement\":[{\"@type\":\"ListItem\",\"position\":1,\"name\":\"Accueil\",\"item\":\"https:\\\/\\\/csdc-cecd.ca\\\/en\\\/\"},{\"@type\":\"ListItem\",\"position\":2,\"name\":\"S\u00e9rie de conf\u00e9rence &#8211; A. Lawlor\"}]},{\"@type\":\"WebSite\",\"@id\":\"https:\\\/\\\/csdc-cecd.ca\\\/#website\",\"url\":\"https:\\\/\\\/csdc-cecd.ca\\\/\",\"name\":\"CECD - Centre pour l&#039;\u00e9tude de la citoyennet\u00e9 d\u00e9mocratique\",\"description\":\"\",\"potentialAction\":[{\"@type\":\"SearchAction\",\"target\":{\"@type\":\"EntryPoint\",\"urlTemplate\":\"https:\\\/\\\/csdc-cecd.ca\\\/?s={search_term_string}\"},\"query-input\":{\"@type\":\"PropertyValueSpecification\",\"valueRequired\":true,\"valueName\":\"search_term_string\"}}],\"inLanguage\":\"en-US\"}]}<\/script>\n<!-- \/ Yoast SEO plugin. -->","yoast_head_json":{"title":"S\u00e9rie de conf\u00e9rence - A. Lawlor - CECD - Centre pour l&#039;\u00e9tude de la citoyennet\u00e9 d\u00e9mocratique","robots":{"index":"index","follow":"follow","max-snippet":"max-snippet:-1","max-image-preview":"max-image-preview:large","max-video-preview":"max-video-preview:-1"},"canonical":"https:\/\/csdc-cecd.ca\/en\/serie-de-conference-a-lawlor\/","og_locale":"en_US","og_type":"article","og_title":"S\u00e9rie de conf\u00e9rence - A. Lawlor - CECD - Centre pour l&#039;\u00e9tude de la citoyennet\u00e9 d\u00e9mocratique","og_description":"The Centre for the Study of democratic Citizenships presents: Judicial Legitimacy under Threat: Public Support for Canadian Courts in a Time of Institutional DivisionAndrea Lawlor (Department of Political Science and the Public Policy (Digital Society), McMaster University, Hamilton, Canada) Registration, here When: Decembre\u00a0 5 , 2025, 3\/4:30 p.m.Where: Universit\u00e9 de Montr\u00e9al, Pavillon Lionel-Groulx, Salle C-2059, [&hellip;]","og_url":"https:\/\/csdc-cecd.ca\/en\/serie-de-conference-a-lawlor\/","og_site_name":"CECD - Centre pour l&#039;\u00e9tude de la citoyennet\u00e9 d\u00e9mocratique","article_modified_time":"2025-12-04T14:28:36+00:00","twitter_card":"summary_large_image","schema":{"@context":"https:\/\/schema.org","@graph":[{"@type":"WebPage","@id":"https:\/\/csdc-cecd.ca\/en\/serie-de-conference-a-lawlor\/","url":"https:\/\/csdc-cecd.ca\/en\/serie-de-conference-a-lawlor\/","name":"S\u00e9rie de conf\u00e9rence - A. Lawlor - CECD - Centre pour l&#039;\u00e9tude de la citoyennet\u00e9 d\u00e9mocratique","isPartOf":{"@id":"https:\/\/csdc-cecd.ca\/#website"},"datePublished":"2025-11-03T14:06:50+00:00","dateModified":"2025-12-04T14:28:36+00:00","breadcrumb":{"@id":"https:\/\/csdc-cecd.ca\/en\/serie-de-conference-a-lawlor\/#breadcrumb"},"inLanguage":"en-US","potentialAction":[{"@type":"ReadAction","target":["https:\/\/csdc-cecd.ca\/en\/serie-de-conference-a-lawlor\/"]}]},{"@type":"BreadcrumbList","@id":"https:\/\/csdc-cecd.ca\/en\/serie-de-conference-a-lawlor\/#breadcrumb","itemListElement":[{"@type":"ListItem","position":1,"name":"Accueil","item":"https:\/\/csdc-cecd.ca\/en\/"},{"@type":"ListItem","position":2,"name":"S\u00e9rie de conf\u00e9rence &#8211; A. Lawlor"}]},{"@type":"WebSite","@id":"https:\/\/csdc-cecd.ca\/#website","url":"https:\/\/csdc-cecd.ca\/","name":"CECD - Centre pour l&#039;\u00e9tude de la citoyennet\u00e9 d\u00e9mocratique","description":"","potentialAction":[{"@type":"SearchAction","target":{"@type":"EntryPoint","urlTemplate":"https:\/\/csdc-cecd.ca\/?s={search_term_string}"},"query-input":{"@type":"PropertyValueSpecification","valueRequired":true,"valueName":"search_term_string"}}],"inLanguage":"en-US"}]}},"_links":{"self":[{"href":"https:\/\/csdc-cecd.ca\/en\/wp-json\/wp\/v2\/pages\/6410","targetHints":{"allow":["GET"]}}],"collection":[{"href":"https:\/\/csdc-cecd.ca\/en\/wp-json\/wp\/v2\/pages"}],"about":[{"href":"https:\/\/csdc-cecd.ca\/en\/wp-json\/wp\/v2\/types\/page"}],"author":[{"embeddable":true,"href":"https:\/\/csdc-cecd.ca\/en\/wp-json\/wp\/v2\/users\/1"}],"replies":[{"embeddable":true,"href":"https:\/\/csdc-cecd.ca\/en\/wp-json\/wp\/v2\/comments?post=6410"}],"version-history":[{"count":8,"href":"https:\/\/csdc-cecd.ca\/en\/wp-json\/wp\/v2\/pages\/6410\/revisions"}],"predecessor-version":[{"id":6548,"href":"https:\/\/csdc-cecd.ca\/en\/wp-json\/wp\/v2\/pages\/6410\/revisions\/6548"}],"wp:attachment":[{"href":"https:\/\/csdc-cecd.ca\/en\/wp-json\/wp\/v2\/media?parent=6410"}],"curies":[{"name":"wp","href":"https:\/\/api.w.org\/{rel}","templated":true}]}}