{"id":6495,"date":"2025-11-14T11:48:08","date_gmt":"2025-11-14T16:48:08","guid":{"rendered":"https:\/\/csdc-cecd.ca\/?page_id=6495"},"modified":"2025-12-15T15:28:57","modified_gmt":"2025-12-15T20:28:57","slug":"2025-november","status":"publish","type":"page","link":"https:\/\/csdc-cecd.ca\/en\/2025-november\/","title":{"rendered":"2025 &#8211; November"},"content":{"rendered":"<p>[et_pb_section fb_built=&#8221;1&#8243; _builder_version=&#8221;4.27.4&#8243; _module_preset=&#8221;default&#8221; global_colors_info=&#8221;{}&#8221;][et_pb_row _builder_version=&#8221;4.27.4&#8243; _module_preset=&#8221;default&#8221; global_colors_info=&#8221;{}&#8221;][et_pb_column type=&#8221;4_4&#8243; _builder_version=&#8221;4.27.4&#8243; _module_preset=&#8221;default&#8221; global_colors_info=&#8221;{}&#8221;][et_pb_heading title=&#8221;2025 &#8211; Nov.&#8221; _builder_version=&#8221;4.27.4&#8243; _module_preset=&#8221;default&#8221; global_colors_info=&#8221;{}&#8221;][\/et_pb_heading][\/et_pb_column][\/et_pb_row][et_pb_row _builder_version=&#8221;4.27.4&#8243; _module_preset=&#8221;default&#8221; global_colors_info=&#8221;{}&#8221;][et_pb_column type=&#8221;4_4&#8243; _builder_version=&#8221;4.27.4&#8243; _module_preset=&#8221;default&#8221; global_colors_info=&#8221;{}&#8221;][et_pb_toggle title=&#8221;Scientific Articles&#8221; _builder_version=&#8221;4.27.4&#8243; _module_preset=&#8221;default&#8221; global_colors_info=&#8221;{}&#8221;]<\/p>\n<p>Bourdeau, C., A., Charbonneau, C. Provost, \u00c9. Rondeau, C. Laverdi\u00e8r, <strong>R. de la Sablonni\u00e8re<\/strong>, S. Sultan<br \/><a href=\"https:\/\/www.sciencedirect.com\/science\/article\/pii\/S126917632500063X\">L\u2019ind\u00e9pendance \u00e0 tout prix : une analyse ph\u00e9nom\u00e9nologique interpr\u00e9tative d\u2019entretiens narratifs de jeunes survivants \u00e0 long terme de cancer p\u00e9diatrique<\/a><br \/>Pratiques Psychologiques<\/p>\n<p>Hester, N.,<strong> E. Hehman<\/strong><br \/><a href=\"chrome-extension:\/\/efaidnbmnnnibpcajpcglclefindmkaj\/https:\/\/journals.sagepub.com\/doi\/pdf\/10.1177\/19485506251385636\">Differences in Variance, Skewness, and Kurtosis Can Account for Differences in Binary Outcomes<\/a><br \/>Social Psychological and Personality Science<\/p>\n<p><strong>Jacques, O.<\/strong>, S. Baute, M. R. Busemeyer, D. Weisstanner<br \/><a href=\"https:\/\/read.dukeupress.edu\/jhppl\/article\/doi\/10.1215\/03616878-12317985\/404929\/Health-Care-as-Social-Investment-Public-Opinion-on\">Health Care as Social Investment? Public Opinion on Trade-Offs Between Curative and Preventive Care in Four OECD Countries<\/a><br \/>J Health Polit Policy Law\u00a0<\/p>\n<p>Mc Cool, C., <strong>M. Lalancette<\/strong><br \/><a href=\"https:\/\/www.erudit.org\/en\/journals\/ps\/2025-v44-n3-ps010368\/1121115ar\/abstract\/\">M\u00e8mes et politique\u00a0: motivations et pratiques de gestion des cr\u00e9ateurs des pages de m\u00e8mes<\/a><br \/>Politique et Soci\u00e9t\u00e9s<\/p>\n<p>Rancourt, M., A. D\u00e9ry,\u00a0A. Fortier-Chouinard,\u00a0<strong>Y. Dufresne<\/strong><br \/><a href=\"https:\/\/academic.oup.com\/pa\/advance-article\/doi\/10.1093\/pa\/gsaf052\/8307413\">Understanding politicians\u2019 discourse on inflation and cost of living in Canada<\/a><br \/>Parliamentary Affairs<\/p>\n<p>Rappel, J., D.Vachon, <strong>E. Hehman<\/strong><br \/><a href=\"chrome-extension:\/\/efaidnbmnnnibpcajpcglclefindmkaj\/https:\/\/journals.sagepub.com\/doi\/pdf\/10.1177\/19485506251389642\">Basic Psychological Needs Are Associated With Engagement and Hate Term Use in Extremist Chatrooms<\/a><br \/>Social Psychological and Personality Science<\/p>\n<p>[\/et_pb_toggle][\/et_pb_column][\/et_pb_row][et_pb_row _builder_version=&#8221;4.27.4&#8243; _module_preset=&#8221;default&#8221; global_colors_info=&#8221;{}&#8221;][et_pb_column type=&#8221;4_4&#8243; _builder_version=&#8221;4.27.4&#8243; _module_preset=&#8221;default&#8221; global_colors_info=&#8221;{}&#8221;][et_pb_toggle title=&#8221;Book \/ Book Chapter&#8221; _builder_version=&#8221;4.27.4&#8243; _module_preset=&#8221;default&#8221; global_colors_info=&#8221;{}&#8221;]<\/p>\n<p><strong>B\u00e9langer, \u00c9., M. Lalancette<\/strong><br \/><a href=\"https:\/\/inm.qc.ca\/produit\/letat-du-quebec-2026\/\">&#8220;Devrais-je partir ou bien rester?&#8221; L\u2019usure du pouvoir en politique in L&#8217;\u00e9tat du Qu\u00e9bec 2026,<\/a> L. Jacob et S. Larochelle (eds)<br \/>\u00c9ditions Somme toute \/ Le Devoir<\/p>\n<p><strong>Duval, D., L. Birch, Y. Dufresne,<\/strong> A. Fortier-Chouinard, <strong>C. Ouellet<\/strong><br \/><a href=\"https:\/\/inm.qc.ca\/produit\/letat-du-quebec-2026\/\">\u00c0 l\u2019heure des promesses \u00e9lectorales in L&#8217;\u00e9tat du Qu\u00e9bec 2026, L. Jacob et S. Larochelle (eds)<\/a><br \/>\u00c9ditions Somme toute \/ Le Devoir<\/p>\n<p>Koreh, M., <strong>O. Jacques<\/strong>, D. B\u00e9land<br \/><a href=\"https:\/\/www.cambridge.org\/core\/elements\/taxation-and-social-policy\/5C0491F68D4D1BA54BB9652354E9819B\">Taxation and Social Policy Financing the Welfare State<\/a><br \/>Cambridge University Press<\/p>\n<p>[\/et_pb_toggle][\/et_pb_column][\/et_pb_row][et_pb_row _builder_version=&#8221;4.27.4&#8243; _module_preset=&#8221;default&#8221; global_colors_info=&#8221;{}&#8221;][et_pb_column type=&#8221;4_4&#8243; _builder_version=&#8221;4.27.4&#8243; _module_preset=&#8221;default&#8221; global_colors_info=&#8221;{}&#8221;][et_pb_divider color=&#8221;#000000&#8243; _builder_version=&#8221;4.27.4&#8243; _module_preset=&#8221;default&#8221; global_colors_info=&#8221;{}&#8221;][\/et_pb_divider][\/et_pb_column][\/et_pb_row][et_pb_row _builder_version=&#8221;4.27.4&#8243; _module_preset=&#8221;default&#8221; global_colors_info=&#8221;{}&#8221;][et_pb_column type=&#8221;4_4&#8243; _builder_version=&#8221;4.27.4&#8243; _module_preset=&#8221;default&#8221; global_colors_info=&#8221;{}&#8221;][et_pb_toggle title=&#8221;Media&#8221; _builder_version=&#8221;4.27.5&#8243; _module_preset=&#8221;default&#8221; hover_enabled=&#8221;0&#8243; global_colors_info=&#8221;{}&#8221; sticky_enabled=&#8221;0&#8243;]<\/p>\n<p>Colette Brin \u2013 Les \u00c9chos \u2013 2025|11|25<br \/><a href=\"https:\/\/www.lesechos.fr\/tech-medias\/intelligence-artificielle\/cest-la-credibilite-de-linformation-qui-est-en-jeu-le-quebec-accuse-les-geants-de-lia-de-piller-ses-medias-2200731\">\u00ab C&#8217;est la cr\u00e9dibilit\u00e9 de l&#8217;information qui est en jeu \u00bb : le Qu\u00e9bec accuse les g\u00e9ants de l&#8217;IA de piller ses m\u00e9dias<\/a><\/p>\n<p>Mireille Lalancette \u2013 Policy Options \u2013 2025|11|25<br \/><a href=\"https:\/\/policyoptions.irpp.org\/2025\/11\/candidate-diversity-politics\/\">Why increased candidate diversity can help rebuild trust in Canadian politics<\/a><\/p>\n<p>Jeremy Clark \u2013 The Global and Mail \u2013 2025|11|25<br \/><a href=\"https:\/\/www.theglobeandmail.com\/business\/article-curious-about-investing-in-crypto-read-this-first\/\">Curious about investing in crypto? Read this first<\/a><\/p>\n<p>Simon Coulombe, Catherine Ouellet, Nadjim Fr\u00e9chet \u2013 UdeMNouvelles \u2013 2025|11|19<br \/><a href=\"https:\/\/nouvelles.umontreal.ca\/article\/2025\/11\/18\/vos-gouts-musicaux-peuvent-en-dire-long-sur-vos-choix-politiques\">Vos go\u00fbts musicaux peuvent en dire long sur vos choix politiques!<\/a><\/p>\n<p>Catherine Ouellet \u2013 La Presse \u2013 2025|11|19<br \/><a href=\"https:\/\/www.lapresse.ca\/dialogue\/chroniques\/2025-11-19\/etude\/dis-moi-ce-que-tu-ecoutes-je-te-dirai-pour-qui-tu-votes.php\">Dis-moi ce que tu \u00e9coutes, je te dirai pour qui tu votes<\/a><\/p>\n<p>Thierry Giasson \u2013 Le Devoir \u2013 2025|11|17<br \/><a href=\"https:\/\/www.ledevoir.com\/actualites\/transports-urbanisme\/934275\/deux-villes-alliees-contre-trace-troisieme-lien\">Deux villes alli\u00e9es contre le trac\u00e9 du troisi\u00e8me lien<\/a><\/p>\n<p>Val\u00e9rie-Anne Mah\u00e9o-Le-Luel \u2013 La Presse \u2013 2025|11|17<br \/><a href=\"https:\/\/www.lapresse.ca\/actualites\/politique\/elections-municipales\/la-generation-z-a-l-hotel-de-ville\/2025-11-17\/les-jeunes-s-interessent-ils-a-la-politique.php\">La g\u00e9n\u00e9ration Z \u00e0 l\u2019h\u00f4tel de ville<\/a><\/p>\n<p>Mireille Lalancette \u2013 Radio Canada \u2013 2025|11|13<br \/><a href=\"https:\/\/ici.radio-canada.ca\/nouvelle\/2207138\/spotted-lotbiniere-facebook-information\">Climat tendu dans les groupes citoyens : quitter les r\u00e9seaux sociaux, mais pour aller o\u00f9?<\/a><\/p>\n<p>Mireille Lalancette \u2013 The Tyee \u2013 2025|11|13\u00a0\u00a0 &#8211; Jared Wesley, Alex Marland<br \/><a href=\"https:\/\/thetyee.ca\/Analysis\/2025\/11\/13\/Party-Discipline-Undermining-Canadian-Democracy\/\">Party Discipline Is Undermining Canadian Democracy<\/a><\/p>\n<p>Mireille Lalancette \u2013 The Conversation \u2013 2025|11|13\u00a0 &#8211; Jared Wesley, Alex Marland<br \/><a href=\"https:\/\/theconversation.com\/partir-ou-bien-rester-quand-la-loyaute-politique-est-mise-en-peril-269030\">Partir ou bien rester ? Quand la loyaut\u00e9 politique est mise en p\u00e9ril<\/a><\/p>\n<p>Mireille Lalancette \u2013 Toronto Star \u2013 2025|11|09\u00a0\u00a0 &#8211; Jared Wesley, Alex Marland<br \/><a href=\"https:\/\/www.thestar.com\/news\/insight\/would-you-like-to-be-a-cabinet-minister-the-delicate-secretive-business-of-politicians-crossing\/article_4daf9043-79d5-4aac-8cfc-bf169a971d14.html\">\u2018Would you like to be a cabinet minister?\u2019 The delicate, secretive business of politicians crossing the floor<\/a><\/p>\n<p>Thierry Giasson \u2013 En Beauce \u2013 2025|11|09<br \/><a href=\"https:\/\/www.enbeauce.com\/actualites-nationale\/la-participation-electorale-a-ete-plus-elevee-dans-certaines-municipalites\/34185\">La participation \u00e9lectorale a \u00e9t\u00e9 plus \u00e9lev\u00e9e dans certaines municipalit\u00e9s<\/a><\/p>\n<p>Thierry Giasson \u2013 CityNews \u2013 2025|11|09<br \/><a href=\"https:\/\/montreal.citynews.ca\/2025\/11\/09\/high-voter-turnout-in-small-cities-quebec\/\">Some Quebec municipalities saw higher than average voter turnout in recent elections<\/a><\/p>\n<p>Fenwick McKelvey \u2013 LavalNews \u2013 2025|11|05<br \/><a href=\"https:\/\/lavalnews.ca\/chatgpt-sparks-mental-health-risk-debate\/#google_vignette\">ChatGPT sparks mental health risk debate<\/a><\/p>\n<p>Olivier Jacques \u2013 Le Devoir \u2013 2025|11|04<br \/><a href=\"https:\/\/www.ledevoir.com\/economie\/930618\/medecins-quebecois-gagnent-entre-39-48-plus-ontario\">Les m\u00e9decins qu\u00e9b\u00e9cois gagnent entre 39% et 48% de plus qu\u2019en Ontario<\/a><\/p>\n<p>Fenwick McKelvey \u2013 Nation Observer \u2013 2025|11|05<br \/><a href=\"https:\/\/www.nationalobserver.com\/2025\/11\/04\/news\/carney-greenwashing-law-misinformation-disinformation-extreme-weather\">Carney scraps anti-greenwashing law despite public call for climate truth<\/a><\/p>\n<p>Mireille Lalancette \u2013 Le Devoir \u2013 2025|11|04<br \/><a href=\"https:\/\/www.ledevoir.com\/opinion\/idees\/930636\/politique-est-jeu-equipe\">La politique est un jeu d\u2019\u00e9quipe<\/a><\/p>\n<p>Claire Durand \u2013 La Presse \u2013 2025|11|03<br \/><a href=\"https:\/\/www.lapresse.ca\/actualites\/elections-municipales\/2025-11-03\/analyse\/les-sondeurs-ont-vu-juste-sauf-pour-luc-rabouin.php\">Analyse | Les sondeurs ont vu juste, sauf pour Luc Rabouin<\/a><\/p>\n<p>Andr\u00e9 Blais \u2013 La Presse \u2013\u00a02025|11|02<br \/><a href=\"https:\/\/www.lapresse.ca\/actualites\/elections-municipales\/2025-11-02\/montreal\/un-faible-taux-de-participation.php\">Montr\u00e9al | Un faible taux de participation<\/a><\/p>\n<p>Emmanuel Choquette \u2013 Le Devoir \u2013 2025|11|02<br \/><a href=\"https:\/\/www.ledevoir.com\/politique\/regions\/930339\/marie-claude-bibeau-emporte-sherbrooke\">\u00c9lections municipales : Marie-Claude Bibeau l\u2019emporte \u00e0 Sherbrooke<\/a><\/p>\n<p>[\/et_pb_toggle][\/et_pb_column][\/et_pb_row][et_pb_row _builder_version=&#8221;4.27.4&#8243; _module_preset=&#8221;default&#8221; global_colors_info=&#8221;{}&#8221;][et_pb_column type=&#8221;4_4&#8243; _builder_version=&#8221;4.27.4&#8243; _module_preset=&#8221;default&#8221; global_colors_info=&#8221;{}&#8221;][et_pb_toggle title=&#8221;Podcast&#8221; _builder_version=&#8221;4.27.5&#8243; _module_preset=&#8221;default&#8221; hover_enabled=&#8221;0&#8243; global_colors_info=&#8221;{}&#8221; sticky_enabled=&#8221;0&#8243;]<\/p>\n<p>Emmanuel Choquette \u2013 107.7 Estrie \u2013 2025|11|19<br \/><a href=\"https:\/\/www.fm1077.ca\/audio\/738567\/crise-au-plq-le-timing-est-affreux\">Crise au PLQ: \u00ab Le timing est affreux! \u00bb<\/a><\/p>\n<p>Emmanuel Choquette \u2013 107.7 Estrie \u2013 2025|11|12<br \/><a href=\"https:\/\/www.fm1077.ca\/audio\/736957\/est-ce-que-francois-legault-quittera-le-navire\">La chronique politique d&#8217;Emmanuel Choquette | Est-ce que Fran\u00e7ois Legault quittera le navire?<\/a><\/p>\n<p>Emmanuel Choquette \u2013 Radio Canada Ohdio \u2013\u00a02025|11|03<br \/><a href=\"https:\/\/ici.radio-canada.ca\/ohdio\/premiere\/emissions\/Par-ici-l-info\/segments\/rattrapage\/2216341\/chronique-actualite-avec-emmanuel-choquette-retour-sur-elections\">Emmanuel Choquette revient sur l\u2019\u00e9lection municipale<\/a><\/p>\n<p>[\/et_pb_toggle][\/et_pb_column][\/et_pb_row][et_pb_row _builder_version=&#8221;4.27.4&#8243; _module_preset=&#8221;default&#8221; global_colors_info=&#8221;{}&#8221;][et_pb_column type=&#8221;4_4&#8243; _builder_version=&#8221;4.27.4&#8243; _module_preset=&#8221;default&#8221; global_colors_info=&#8221;{}&#8221;][et_pb_toggle title=&#8221;Video&#8221; _builder_version=&#8221;4.27.4&#8243; _module_preset=&#8221;default&#8221; global_colors_info=&#8221;{}&#8221;][\/et_pb_toggle][\/et_pb_column][\/et_pb_row][\/et_pb_section]<\/p>\n","protected":false},"excerpt":{"rendered":"<p>Bourdeau, C., A., Charbonneau, C. Provost, \u00c9. Rondeau, C. Laverdi\u00e8r, R. de la Sablonni\u00e8re, S. SultanL\u2019ind\u00e9pendance \u00e0 tout prix : une analyse ph\u00e9nom\u00e9nologique interpr\u00e9tative d\u2019entretiens narratifs de jeunes survivants \u00e0 long terme de cancer p\u00e9diatriquePratiques Psychologiques Hester, N., E. HehmanDifferences in Variance, Skewness, and Kurtosis Can Account for Differences in Binary OutcomesSocial Psychological and Personality [&hellip;]<\/p>\n","protected":false},"author":1,"featured_media":0,"parent":0,"menu_order":0,"comment_status":"closed","ping_status":"closed","template":"","meta":{"_et_pb_use_builder":"on","_et_pb_old_content":"","_et_gb_content_width":"","footnotes":""},"class_list":["post-6495","page","type-page","status-publish","hentry"],"yoast_head":"<!-- This site is optimized with the Yoast SEO plugin v27.4 - https:\/\/yoast.com\/product\/yoast-seo-wordpress\/ -->\n<title>2025 - November - CECD - Centre pour l&#039;\u00e9tude de la citoyennet\u00e9 d\u00e9mocratique<\/title>\n<meta name=\"robots\" content=\"index, follow, max-snippet:-1, max-image-preview:large, max-video-preview:-1\" \/>\n<link rel=\"canonical\" href=\"https:\/\/csdc-cecd.ca\/2025-novembre\/\" \/>\n<meta property=\"og:locale\" content=\"en_US\" \/>\n<meta property=\"og:type\" content=\"article\" \/>\n<meta property=\"og:title\" content=\"2025 - November - CECD - Centre pour l&#039;\u00e9tude de la citoyennet\u00e9 d\u00e9mocratique\" \/>\n<meta property=\"og:description\" content=\"Bourdeau, C., A., Charbonneau, C. Provost, \u00c9. Rondeau, C. Laverdi\u00e8r, R. de la Sablonni\u00e8re, S. SultanL\u2019ind\u00e9pendance \u00e0 tout prix : une analyse ph\u00e9nom\u00e9nologique interpr\u00e9tative d\u2019entretiens narratifs de jeunes survivants \u00e0 long terme de cancer p\u00e9diatriquePratiques Psychologiques Hester, N., E. HehmanDifferences in Variance, Skewness, and Kurtosis Can Account for Differences in Binary OutcomesSocial Psychological and Personality [&hellip;]\" \/>\n<meta property=\"og:url\" content=\"https:\/\/csdc-cecd.ca\/2025-novembre\/\" \/>\n<meta property=\"og:site_name\" content=\"CECD - Centre pour l&#039;\u00e9tude de la citoyennet\u00e9 d\u00e9mocratique\" \/>\n<meta property=\"article:modified_time\" content=\"2025-12-15T20:28:57+00:00\" \/>\n<meta name=\"twitter:card\" content=\"summary_large_image\" \/>\n<meta name=\"twitter:label1\" content=\"Est. reading time\" \/>\n\t<meta name=\"twitter:data1\" content=\"2 minutes\" \/>\n<script type=\"application\/ld+json\" class=\"yoast-schema-graph\">{\"@context\":\"https:\\\/\\\/schema.org\",\"@graph\":[{\"@type\":\"WebPage\",\"@id\":\"https:\\\/\\\/csdc-cecd.ca\\\/2025-novembre\\\/\",\"url\":\"https:\\\/\\\/csdc-cecd.ca\\\/2025-novembre\\\/\",\"name\":\"2025 - November - CECD - Centre pour l&#039;\u00e9tude de la citoyennet\u00e9 d\u00e9mocratique\",\"isPartOf\":{\"@id\":\"https:\\\/\\\/csdc-cecd.ca\\\/#website\"},\"datePublished\":\"2025-11-14T16:48:08+00:00\",\"dateModified\":\"2025-12-15T20:28:57+00:00\",\"breadcrumb\":{\"@id\":\"https:\\\/\\\/csdc-cecd.ca\\\/2025-novembre\\\/#breadcrumb\"},\"inLanguage\":\"en-US\",\"potentialAction\":[{\"@type\":\"ReadAction\",\"target\":[\"https:\\\/\\\/csdc-cecd.ca\\\/2025-novembre\\\/\"]}]},{\"@type\":\"BreadcrumbList\",\"@id\":\"https:\\\/\\\/csdc-cecd.ca\\\/2025-novembre\\\/#breadcrumb\",\"itemListElement\":[{\"@type\":\"ListItem\",\"position\":1,\"name\":\"Accueil\",\"item\":\"https:\\\/\\\/csdc-cecd.ca\\\/en\\\/\"},{\"@type\":\"ListItem\",\"position\":2,\"name\":\"2025 &#8211; November\"}]},{\"@type\":\"WebSite\",\"@id\":\"https:\\\/\\\/csdc-cecd.ca\\\/#website\",\"url\":\"https:\\\/\\\/csdc-cecd.ca\\\/\",\"name\":\"CECD - Centre pour l&#039;\u00e9tude de la citoyennet\u00e9 d\u00e9mocratique\",\"description\":\"\",\"potentialAction\":[{\"@type\":\"SearchAction\",\"target\":{\"@type\":\"EntryPoint\",\"urlTemplate\":\"https:\\\/\\\/csdc-cecd.ca\\\/?s={search_term_string}\"},\"query-input\":{\"@type\":\"PropertyValueSpecification\",\"valueRequired\":true,\"valueName\":\"search_term_string\"}}],\"inLanguage\":\"en-US\"}]}<\/script>\n<!-- \/ Yoast SEO plugin. -->","yoast_head_json":{"title":"2025 - November - CECD - Centre pour l&#039;\u00e9tude de la citoyennet\u00e9 d\u00e9mocratique","robots":{"index":"index","follow":"follow","max-snippet":"max-snippet:-1","max-image-preview":"max-image-preview:large","max-video-preview":"max-video-preview:-1"},"canonical":"https:\/\/csdc-cecd.ca\/2025-novembre\/","og_locale":"en_US","og_type":"article","og_title":"2025 - November - CECD - Centre pour l&#039;\u00e9tude de la citoyennet\u00e9 d\u00e9mocratique","og_description":"Bourdeau, C., A., Charbonneau, C. Provost, \u00c9. Rondeau, C. Laverdi\u00e8r, R. de la Sablonni\u00e8re, S. SultanL\u2019ind\u00e9pendance \u00e0 tout prix : une analyse ph\u00e9nom\u00e9nologique interpr\u00e9tative d\u2019entretiens narratifs de jeunes survivants \u00e0 long terme de cancer p\u00e9diatriquePratiques Psychologiques Hester, N., E. HehmanDifferences in Variance, Skewness, and Kurtosis Can Account for Differences in Binary OutcomesSocial Psychological and Personality [&hellip;]","og_url":"https:\/\/csdc-cecd.ca\/2025-novembre\/","og_site_name":"CECD - Centre pour l&#039;\u00e9tude de la citoyennet\u00e9 d\u00e9mocratique","article_modified_time":"2025-12-15T20:28:57+00:00","twitter_card":"summary_large_image","twitter_misc":{"Est. reading time":"2 minutes"},"schema":{"@context":"https:\/\/schema.org","@graph":[{"@type":"WebPage","@id":"https:\/\/csdc-cecd.ca\/2025-novembre\/","url":"https:\/\/csdc-cecd.ca\/2025-novembre\/","name":"2025 - November - CECD - Centre pour l&#039;\u00e9tude de la citoyennet\u00e9 d\u00e9mocratique","isPartOf":{"@id":"https:\/\/csdc-cecd.ca\/#website"},"datePublished":"2025-11-14T16:48:08+00:00","dateModified":"2025-12-15T20:28:57+00:00","breadcrumb":{"@id":"https:\/\/csdc-cecd.ca\/2025-novembre\/#breadcrumb"},"inLanguage":"en-US","potentialAction":[{"@type":"ReadAction","target":["https:\/\/csdc-cecd.ca\/2025-novembre\/"]}]},{"@type":"BreadcrumbList","@id":"https:\/\/csdc-cecd.ca\/2025-novembre\/#breadcrumb","itemListElement":[{"@type":"ListItem","position":1,"name":"Accueil","item":"https:\/\/csdc-cecd.ca\/en\/"},{"@type":"ListItem","position":2,"name":"2025 &#8211; November"}]},{"@type":"WebSite","@id":"https:\/\/csdc-cecd.ca\/#website","url":"https:\/\/csdc-cecd.ca\/","name":"CECD - Centre pour l&#039;\u00e9tude de la citoyennet\u00e9 d\u00e9mocratique","description":"","potentialAction":[{"@type":"SearchAction","target":{"@type":"EntryPoint","urlTemplate":"https:\/\/csdc-cecd.ca\/?s={search_term_string}"},"query-input":{"@type":"PropertyValueSpecification","valueRequired":true,"valueName":"search_term_string"}}],"inLanguage":"en-US"}]}},"_links":{"self":[{"href":"https:\/\/csdc-cecd.ca\/en\/wp-json\/wp\/v2\/pages\/6495","targetHints":{"allow":["GET"]}}],"collection":[{"href":"https:\/\/csdc-cecd.ca\/en\/wp-json\/wp\/v2\/pages"}],"about":[{"href":"https:\/\/csdc-cecd.ca\/en\/wp-json\/wp\/v2\/types\/page"}],"author":[{"embeddable":true,"href":"https:\/\/csdc-cecd.ca\/en\/wp-json\/wp\/v2\/users\/1"}],"replies":[{"embeddable":true,"href":"https:\/\/csdc-cecd.ca\/en\/wp-json\/wp\/v2\/comments?post=6495"}],"version-history":[{"count":7,"href":"https:\/\/csdc-cecd.ca\/en\/wp-json\/wp\/v2\/pages\/6495\/revisions"}],"predecessor-version":[{"id":6641,"href":"https:\/\/csdc-cecd.ca\/en\/wp-json\/wp\/v2\/pages\/6495\/revisions\/6641"}],"wp:attachment":[{"href":"https:\/\/csdc-cecd.ca\/en\/wp-json\/wp\/v2\/media?parent=6495"}],"curies":[{"name":"wp","href":"https:\/\/api.w.org\/{rel}","templated":true}]}}