{"id":6701,"date":"2026-01-05T14:13:27","date_gmt":"2026-01-05T19:13:27","guid":{"rendered":"https:\/\/csdc-cecd.ca\/16-janv-2026-atelier-d-azpuru\/"},"modified":"2026-01-13T14:25:20","modified_gmt":"2026-01-13T19:25:20","slug":"16-janv-2026-atelier-d-azpuru","status":"publish","type":"page","link":"https:\/\/csdc-cecd.ca\/en\/16-janv-2026-atelier-d-azpuru\/","title":{"rendered":"Atelier D. Azpuru"},"content":{"rendered":"<p>[et_pb_section fb_built=&#8221;1&#8243; _builder_version=&#8221;4.27.5&#8243; _module_preset=&#8221;default&#8221; global_colors_info=&#8221;{}&#8221;][et_pb_row _builder_version=&#8221;4.27.5&#8243; _module_preset=&#8221;default&#8221; hover_enabled=&#8221;0&#8243; global_colors_info=&#8221;{}&#8221; sticky_enabled=&#8221;0&#8243;][et_pb_column type=&#8221;4_4&#8243; _builder_version=&#8221;4.27.5&#8243; _module_preset=&#8221;default&#8221; global_colors_info=&#8221;{}&#8221;][et_pb_image src=&#8221;https:\/\/csdc-cecd.ca\/wp-content\/uploads\/2026\/01\/Atelier-methodologique-20260116-1.png&#8221; _builder_version=&#8221;4.27.5&#8243; _module_preset=&#8221;default&#8221; title_text=&#8221;Atelier m\u00e9thodologique 20260116&#8243; hover_enabled=&#8221;0&#8243; sticky_enabled=&#8221;0&#8243;][\/et_pb_image][\/et_pb_column][\/et_pb_row][et_pb_row _builder_version=&#8221;4.27.5&#8243; _module_preset=&#8221;default&#8221; global_colors_info=&#8221;{}&#8221;][et_pb_column type=&#8221;4_4&#8243; _builder_version=&#8221;4.27.5&#8243; _module_preset=&#8221;default&#8221; global_colors_info=&#8221;{}&#8221;][et_pb_text _builder_version=&#8221;4.27.5&#8243; _module_preset=&#8221;default&#8221; global_colors_info=&#8221;{}&#8221;]<\/p>\n<p><span>The Centre for the Study of Democratic Citizenship presents:<\/span><\/p>\n<p><strong><span>Workshop: <\/span>Measuring resiliency and decline: Discussing emerging survey research on democracy and political culture in Latin America and beyond<\/strong><\/p>\n<p>When: January 16, 2026, (morning, time to be confirmed)<br \/>Where: Room to be confirmed, Concordia,<span> Montr\u00e9al, QC<\/span><\/p>\n<p>CSDC graduate students, post-doctoral researchers, and faculty members researching democratic resilience and backsliding, populism, and democratic values and behaviours, in Latin America or in other regions, are invited to join a half-day workshop to share and discuss related works-in-progress that draw on survey methods (correlational or experimental) to examine questions related to democracy, political values, and political behaviour in Latin America and beyond.<\/p>\n<p>L&#8217;atelier se tiendra \u00e0 l&#8217;Universit\u00e9 Concordia \u00e0 Montr\u00e9al et sera dirig\u00e9 par <a href=\"https:\/\/csdc-cecd.ca\/en\/chercheurses\/?id=189\">Colin Scott<\/a> (Universit\u00e9 Concordia) et <a href=\"https:\/\/www.wichita.edu\/profiles\/academics\/fairmount_college_of_liberal_arts_and_sciences\/Political_Science\/Azpuru-Dinorah.php\">Dinorah Azpuru<\/a> (Universit\u00e9 d&#8217;\u00c9tat de Wichita), experte en d\u00e9mocratie et culture politique en Am\u00e9rique latine, et ancienne coordonnatrice de recherche du Latin American Public Opinion Project.<\/p>\n<p>The workshop will be held at Concordia University in Montreal and led by <a href=\"https:\/\/csdc-cecd.ca\/en\/chercheurses\/?id=189\">Colin Scott<\/a> (Concordia University) and <a href=\"https:\/\/www.wichita.edu\/profiles\/academics\/fairmount_college_of_liberal_arts_and_sciences\/Political_Science\/Azpuru-Dinorah.php\">Dinorah Azpuru<\/a> (Wichita State University),\u00a0an expert on democracy and political culture in Latin America and former research coordinator of the Latin American Public Opinion Project.<\/p>\n<p><span style=\"color: #0000ff;\"><strong>Deadline to submit<\/strong>\u00a0expressions of interest (title, abstract) by email to Colin Scott (<a href=\"mailto:colin.scott@concordia.ca\" style=\"color: #0000ff;\">colin.scott@concordia.ca<\/a>): Monday, January 12th, 5pm.\u00a0<\/span><\/p>\n<p><strong>Note<\/strong>: CSDC members from outside Montreal are eligible for the CSDC interregional travel grant.<\/p>\n<p><span>The Centre for the Study of Democratic Citizenship is funded by the\u00a0<\/span><a href=\"https:\/\/frq.gouv.qc.ca\/societe-et-culture\/?_gl=1*2hx8i9*_up*MQ..&amp;gclid=CjwKCAjw8rW2BhAgEiwAoRO5rLFcVqh4eqvH4BFjcAOLimLDAGOrP52xh6QE6R1B-28SNQZdkOjFHRoCRPcQAvD_BwE\">Fonds de recherche du Qu\u00e9bec \u2013 Soci\u00e9t\u00e9 et culture (FRQSC)<\/a><span>.<\/span><\/p>\n<p>[\/et_pb_text][\/et_pb_column][\/et_pb_row][\/et_pb_section]<\/p>\n","protected":false},"excerpt":{"rendered":"<p>The Centre for the Study of Democratic Citizenship presents: Workshop: Measuring resiliency and decline: Discussing emerging survey research on democracy and political culture in Latin America and beyond When: January 16, 2026, (morning, time to be confirmed)Where: Room to be confirmed, Concordia, Montr\u00e9al, QC CSDC graduate students, post-doctoral researchers, and faculty members researching democratic resilience [&hellip;]<\/p>\n","protected":false},"author":1,"featured_media":0,"parent":0,"menu_order":0,"comment_status":"closed","ping_status":"closed","template":"","meta":{"_et_pb_use_builder":"on","_et_pb_old_content":"","_et_gb_content_width":"","footnotes":""},"class_list":["post-6701","page","type-page","status-publish","hentry"],"yoast_head":"<!-- This site is optimized with the Yoast SEO plugin v27.4 - https:\/\/yoast.com\/product\/yoast-seo-wordpress\/ -->\n<title>Atelier D. Azpuru - CECD - Centre pour l&#039;\u00e9tude de la citoyennet\u00e9 d\u00e9mocratique<\/title>\n<meta name=\"robots\" content=\"index, follow, max-snippet:-1, max-image-preview:large, max-video-preview:-1\" \/>\n<link rel=\"canonical\" href=\"https:\/\/csdc-cecd.ca\/16-janv-2026-atelier-d-azpuru\/\" \/>\n<meta property=\"og:locale\" content=\"en_US\" \/>\n<meta property=\"og:type\" content=\"article\" \/>\n<meta property=\"og:title\" content=\"Atelier D. Azpuru - CECD - Centre pour l&#039;\u00e9tude de la citoyennet\u00e9 d\u00e9mocratique\" \/>\n<meta property=\"og:description\" content=\"The Centre for the Study of Democratic Citizenship presents: Workshop: Measuring resiliency and decline: Discussing emerging survey research on democracy and political culture in Latin America and beyond When: January 16, 2026, (morning, time to be confirmed)Where: Room to be confirmed, Concordia, Montr\u00e9al, QC CSDC graduate students, post-doctoral researchers, and faculty members researching democratic resilience [&hellip;]\" \/>\n<meta property=\"og:url\" content=\"https:\/\/csdc-cecd.ca\/16-janv-2026-atelier-d-azpuru\/\" \/>\n<meta property=\"og:site_name\" content=\"CECD - Centre pour l&#039;\u00e9tude de la citoyennet\u00e9 d\u00e9mocratique\" \/>\n<meta property=\"article:modified_time\" content=\"2026-01-13T19:25:20+00:00\" \/>\n<meta name=\"twitter:card\" content=\"summary_large_image\" \/>\n<meta name=\"twitter:label1\" content=\"Est. reading time\" \/>\n\t<meta name=\"twitter:data1\" content=\"2 minutes\" \/>\n<script type=\"application\/ld+json\" class=\"yoast-schema-graph\">{\"@context\":\"https:\\\/\\\/schema.org\",\"@graph\":[{\"@type\":\"WebPage\",\"@id\":\"https:\\\/\\\/csdc-cecd.ca\\\/16-janv-2026-atelier-d-azpuru\\\/\",\"url\":\"https:\\\/\\\/csdc-cecd.ca\\\/16-janv-2026-atelier-d-azpuru\\\/\",\"name\":\"Atelier D. Azpuru - CECD - Centre pour l&#039;\u00e9tude de la citoyennet\u00e9 d\u00e9mocratique\",\"isPartOf\":{\"@id\":\"https:\\\/\\\/csdc-cecd.ca\\\/#website\"},\"datePublished\":\"2026-01-05T19:13:27+00:00\",\"dateModified\":\"2026-01-13T19:25:20+00:00\",\"breadcrumb\":{\"@id\":\"https:\\\/\\\/csdc-cecd.ca\\\/16-janv-2026-atelier-d-azpuru\\\/#breadcrumb\"},\"inLanguage\":\"en-US\",\"potentialAction\":[{\"@type\":\"ReadAction\",\"target\":[\"https:\\\/\\\/csdc-cecd.ca\\\/16-janv-2026-atelier-d-azpuru\\\/\"]}]},{\"@type\":\"BreadcrumbList\",\"@id\":\"https:\\\/\\\/csdc-cecd.ca\\\/16-janv-2026-atelier-d-azpuru\\\/#breadcrumb\",\"itemListElement\":[{\"@type\":\"ListItem\",\"position\":1,\"name\":\"Accueil\",\"item\":\"https:\\\/\\\/csdc-cecd.ca\\\/en\\\/\"},{\"@type\":\"ListItem\",\"position\":2,\"name\":\"Atelier D. Azpuru\"}]},{\"@type\":\"WebSite\",\"@id\":\"https:\\\/\\\/csdc-cecd.ca\\\/#website\",\"url\":\"https:\\\/\\\/csdc-cecd.ca\\\/\",\"name\":\"CECD - Centre pour l&#039;\u00e9tude de la citoyennet\u00e9 d\u00e9mocratique\",\"description\":\"\",\"potentialAction\":[{\"@type\":\"SearchAction\",\"target\":{\"@type\":\"EntryPoint\",\"urlTemplate\":\"https:\\\/\\\/csdc-cecd.ca\\\/?s={search_term_string}\"},\"query-input\":{\"@type\":\"PropertyValueSpecification\",\"valueRequired\":true,\"valueName\":\"search_term_string\"}}],\"inLanguage\":\"en-US\"}]}<\/script>\n<!-- \/ Yoast SEO plugin. -->","yoast_head_json":{"title":"Atelier D. Azpuru - CECD - Centre pour l&#039;\u00e9tude de la citoyennet\u00e9 d\u00e9mocratique","robots":{"index":"index","follow":"follow","max-snippet":"max-snippet:-1","max-image-preview":"max-image-preview:large","max-video-preview":"max-video-preview:-1"},"canonical":"https:\/\/csdc-cecd.ca\/16-janv-2026-atelier-d-azpuru\/","og_locale":"en_US","og_type":"article","og_title":"Atelier D. Azpuru - CECD - Centre pour l&#039;\u00e9tude de la citoyennet\u00e9 d\u00e9mocratique","og_description":"The Centre for the Study of Democratic Citizenship presents: Workshop: Measuring resiliency and decline: Discussing emerging survey research on democracy and political culture in Latin America and beyond When: January 16, 2026, (morning, time to be confirmed)Where: Room to be confirmed, Concordia, Montr\u00e9al, QC CSDC graduate students, post-doctoral researchers, and faculty members researching democratic resilience [&hellip;]","og_url":"https:\/\/csdc-cecd.ca\/16-janv-2026-atelier-d-azpuru\/","og_site_name":"CECD - Centre pour l&#039;\u00e9tude de la citoyennet\u00e9 d\u00e9mocratique","article_modified_time":"2026-01-13T19:25:20+00:00","twitter_card":"summary_large_image","twitter_misc":{"Est. reading time":"2 minutes"},"schema":{"@context":"https:\/\/schema.org","@graph":[{"@type":"WebPage","@id":"https:\/\/csdc-cecd.ca\/16-janv-2026-atelier-d-azpuru\/","url":"https:\/\/csdc-cecd.ca\/16-janv-2026-atelier-d-azpuru\/","name":"Atelier D. Azpuru - CECD - Centre pour l&#039;\u00e9tude de la citoyennet\u00e9 d\u00e9mocratique","isPartOf":{"@id":"https:\/\/csdc-cecd.ca\/#website"},"datePublished":"2026-01-05T19:13:27+00:00","dateModified":"2026-01-13T19:25:20+00:00","breadcrumb":{"@id":"https:\/\/csdc-cecd.ca\/16-janv-2026-atelier-d-azpuru\/#breadcrumb"},"inLanguage":"en-US","potentialAction":[{"@type":"ReadAction","target":["https:\/\/csdc-cecd.ca\/16-janv-2026-atelier-d-azpuru\/"]}]},{"@type":"BreadcrumbList","@id":"https:\/\/csdc-cecd.ca\/16-janv-2026-atelier-d-azpuru\/#breadcrumb","itemListElement":[{"@type":"ListItem","position":1,"name":"Accueil","item":"https:\/\/csdc-cecd.ca\/en\/"},{"@type":"ListItem","position":2,"name":"Atelier D. Azpuru"}]},{"@type":"WebSite","@id":"https:\/\/csdc-cecd.ca\/#website","url":"https:\/\/csdc-cecd.ca\/","name":"CECD - Centre pour l&#039;\u00e9tude de la citoyennet\u00e9 d\u00e9mocratique","description":"","potentialAction":[{"@type":"SearchAction","target":{"@type":"EntryPoint","urlTemplate":"https:\/\/csdc-cecd.ca\/?s={search_term_string}"},"query-input":{"@type":"PropertyValueSpecification","valueRequired":true,"valueName":"search_term_string"}}],"inLanguage":"en-US"}]}},"_links":{"self":[{"href":"https:\/\/csdc-cecd.ca\/en\/wp-json\/wp\/v2\/pages\/6701","targetHints":{"allow":["GET"]}}],"collection":[{"href":"https:\/\/csdc-cecd.ca\/en\/wp-json\/wp\/v2\/pages"}],"about":[{"href":"https:\/\/csdc-cecd.ca\/en\/wp-json\/wp\/v2\/types\/page"}],"author":[{"embeddable":true,"href":"https:\/\/csdc-cecd.ca\/en\/wp-json\/wp\/v2\/users\/1"}],"replies":[{"embeddable":true,"href":"https:\/\/csdc-cecd.ca\/en\/wp-json\/wp\/v2\/comments?post=6701"}],"version-history":[{"count":5,"href":"https:\/\/csdc-cecd.ca\/en\/wp-json\/wp\/v2\/pages\/6701\/revisions"}],"predecessor-version":[{"id":6889,"href":"https:\/\/csdc-cecd.ca\/en\/wp-json\/wp\/v2\/pages\/6701\/revisions\/6889"}],"wp:attachment":[{"href":"https:\/\/csdc-cecd.ca\/en\/wp-json\/wp\/v2\/media?parent=6701"}],"curies":[{"name":"wp","href":"https:\/\/api.w.org\/{rel}","templated":true}]}}