{"id":7000,"date":"2026-01-26T10:14:53","date_gmt":"2026-01-26T15:14:53","guid":{"rendered":"https:\/\/csdc-cecd.ca\/?page_id=7000"},"modified":"2026-01-26T10:16:27","modified_gmt":"2026-01-26T15:16:27","slug":"a-message-from-the-director","status":"publish","type":"page","link":"https:\/\/csdc-cecd.ca\/en\/a-message-from-the-director\/","title":{"rendered":"A message from the Director"},"content":{"rendered":"<p>[et_pb_section fb_built=&#8221;1&#8243; theme_builder_area=&#8221;post_content&#8221; _builder_version=&#8221;4.27.5&#8243; _module_preset=&#8221;default&#8221;][et_pb_row _builder_version=&#8221;4.27.5&#8243; _module_preset=&#8221;default&#8221; theme_builder_area=&#8221;post_content&#8221;][et_pb_column _builder_version=&#8221;4.27.5&#8243; _module_preset=&#8221;default&#8221; type=&#8221;4_4&#8243; theme_builder_area=&#8221;post_content&#8221;][et_pb_heading title=&#8221;A message from the Director&#8221; _builder_version=&#8221;4.27.5&#8243; _module_preset=&#8221;default&#8221; theme_builder_area=&#8221;post_content&#8221; hover_enabled=&#8221;0&#8243; sticky_enabled=&#8221;0&#8243;][\/et_pb_heading][\/et_pb_column][\/et_pb_row][et_pb_row _builder_version=&#8221;4.27.5&#8243; _module_preset=&#8221;default&#8221; theme_builder_area=&#8221;post_content&#8221;][et_pb_column _builder_version=&#8221;4.27.5&#8243; _module_preset=&#8221;default&#8221; type=&#8221;4_4&#8243; theme_builder_area=&#8221;post_content&#8221;][et_pb_text _builder_version=&#8221;4.27.5&#8243; _module_preset=&#8221;default&#8221; theme_builder_area=&#8221;post_content&#8221; hover_enabled=&#8221;0&#8243; sticky_enabled=&#8221;0&#8243;]<\/p>\n<p><span style=\"text-decoration: underline;\"><strong>Citizenship and democracy need us<\/strong><\/span><img loading=\"lazy\" decoding=\"async\" src=\"https:\/\/csdc-cecd.ca\/wp-content\/uploads\/2026\/01\/TGiasson-2025_5.jpg-1-300x300.jpeg\" width=\"355\" height=\"355\" alt=\"\" class=\"wp-image-6919 alignnone size-medium\" style=\"float: right;\" \/><\/p>\n<p>Dear members of the Centre for the Study of Democratic Citizenship,<\/p>\n<p style=\"text-align: justify;\">Last September, I accepted the invitation from the members of the Centre&#8217;s Steering Committee to lead our great team for the next three years. I have been a member since its creation in 2008. It is an unparalleled research infrastructure in Quebec, whose research program, scientific collaborations, and student training actively contribute to our society. However, I come to the helm of the CSDC with a sense of urgency.\u00a0<\/p>\n<p style=\"text-align: justify;\">First and foremost, I am driven by the urgent need to ensure the sustainability of the CSDC&#8217;s activities and its central role in training the next generation of scholars. Over the past 18 years, our team has built a dynamic and diverse scientific community whose work investigates democratic vitality and the exercise of citizenship. Our alumni have become professors, political reporters, government administrators, and politicians. They enrich the political and scientific life of Quebec, Canada, and many other nations around the world. It is primarily to carry out this core mission of our Centre that I am assuming its leadership. We must continue to offer our students cutting-edge methodological training and expose them to the diversity of theoretical and disciplinary perspectives that underpin our research program and allow us to study all facets and realities of democratic citizenship. This is our strength! Interdisciplinarity and a multi-method approach are at the heart of my work as a researcher, and these two principles must continue to ground our scientific training program.<\/p>\n<p style=\"text-align: justify;\">Furthermore, I am driven by the urgency of the challenges and setbacks that threaten democracy and citizenship in Quebec and around the world. The CSDC was born in a context where the values that form the foundation of liberal representative democracies and the exercise of citizenship were recognized and respected by those who participated in the governance of these democracies. Over the past 15 years, citizens of Western democracies have been exposed to a rise in populist, extremist, and polarizing political discourses that divide them and question democratic principles. Politics is a competitive arena where debate, sometimes vindictive, between adversaries and criticism of each other&#8217;s records should be expected. However, in recent years, competition, debate, and criticism have morphed into coordinated attacks, incivility, harassment, and the dehumanization of opponents. These now-frequent rhetorical excesses are compounded by an informational environment transformed by the power of digital social media platforms, their algorithms, and artificial intelligence. These new resources, whose use for political purposes is unregulated in Canada, are actively being used by political parties and interest groups to exert targeted pressure on various segments of citizens, too often unbeknownst to them. Furthermore, although citizens are overexposed to political information, its veracity, quality, and usefulness in political decision-making raise concerns. The combination of these factors creates a radically different political context that collectively requires us to act as watchdogs. I want to share with you, dear members of the CSDC, the urgency I feel on this issue.<\/p>\n<p style=\"text-align: justify;\">Our fellow citizens are seeking explanations and guidance in the face of this troubled and complex political world. They need us, our knowledge, our insights. I will encourage us, over the next three years, to work together to reach out to them as often as possible to provide answers and explanations. Let us work together on this front.<\/p>\n<p style=\"text-align: justify;\">As I take over the leadership of the Centre, I am thinking of Elisabeth Gidengil, Dietlind Stolle, and Fr\u00e9d\u00e9rick Bastien, my three predecessors in this role. Elisabeth, Dietlind, and Fr\u00e9d\u00e9rick have done tremendous work over the past 18 years to develop and lead our team. I thank them for stepping forward before me to guide us and ensure the vitality of our research and training program. We owe them a great deal. Their efforts have been crucial to the CSDC. A very big thank you to all three of you!<\/p>\n<p style=\"text-align: justify;\">I would also like to extend my warmest thanks to our coordinator, Wim Wolfs, who will be retiring next March. Wim has been the heart, memory and key player of the Centre since 2018. In a few days, we will be recruiting a new person to take over from Wim as coordinator. Wim will train this person before his departure. Thank you, Wim, for all the energy and professionalism you have brought to our team. On behalf of all the members, I wish you a happy retirement!<\/p>\n<p style=\"text-align: justify;\">The Centre is thriving. Our finances are healthy. Our students are engaged. We work actively together. Our membership is growing. The CSDC is at the heart of a research environment whose many components study all aspects of democratic citizenship. <span>The GRCP, the CAPP, la Chaire de recherche sur la d\u00e9mocratie et les institutions parlementaires, le Centre d\u2019\u00e9tudes sur les m\u00e9dias, LACPOP, la Chaire de recherche du Canada en \u00e9ducation aux m\u00e9dias et droits humains, the Qu\u00e9bec Chair on Democracy, Social Cohesion and Shared Values, and FODEM, among others, are partners of the CSDC or emerged from collaborations between CSDC members. <\/span>I will ensure that our collaborations endure and multiply.<\/p>\n<p style=\"text-align: justify;\">My arrival as Director of the Centre is, in a way, a homecoming for me. I&#8217;m returning to my roots. Our family has many new members whom I haven&#8217;t yet met. When I finish my term as Director of the Department of Political Science at Universit\u00e9 Laval on July 1st, I will connect with you via videoconference, as well as in person at your departments and universities, to get to know you and catch up. Until then, I will try to join you as often as possible at Centre events in Montreal, Quebec City, and elsewhere. I look forward to your invitations.\u00a0<\/p>\n<p style=\"text-align: justify;\">I look forward to meeting and discussing this with you soon. If you have any questions, please feel free to email me at <a href=\"mailto:thierry.giasson@pol.ulaval.ca\">thierry.giasson@pol.ulaval.ca<\/a>.<\/p>\n<p style=\"text-align: justify;\">I wish you a very happy new year and a wonderful start to the winter!<\/p>\n<p>&nbsp;<\/p>\n<p>Thierry Giasson<\/p>\n<p>&nbsp;<\/p>\n<p>[\/et_pb_text][\/et_pb_column][\/et_pb_row][\/et_pb_section]<\/p>\n","protected":false},"excerpt":{"rendered":"<p>Citizenship and democracy need us Dear members of the Centre for the Study of Democratic Citizenship, Last September, I accepted the invitation from the members of the Centre&#8217;s Steering Committee to lead our great team for the next three years. I have been a member since its creation in 2008. It is an unparalleled research [&hellip;]<\/p>\n","protected":false},"author":1,"featured_media":0,"parent":0,"menu_order":0,"comment_status":"closed","ping_status":"closed","template":"","meta":{"_et_pb_use_builder":"on","_et_pb_old_content":"","_et_gb_content_width":"","footnotes":""},"class_list":["post-7000","page","type-page","status-publish","hentry"],"yoast_head":"<!-- This site is optimized with the Yoast SEO plugin v27.5 - https:\/\/yoast.com\/product\/yoast-seo-wordpress\/ -->\n<title>A message from the Director - CECD - Centre pour l&#039;\u00e9tude de la citoyennet\u00e9 d\u00e9mocratique<\/title>\n<meta name=\"robots\" content=\"index, follow, max-snippet:-1, max-image-preview:large, max-video-preview:-1\" \/>\n<link rel=\"canonical\" href=\"https:\/\/csdc-cecd.ca\/en\/a-message-from-the-director\/\" \/>\n<meta property=\"og:locale\" content=\"en_US\" \/>\n<meta property=\"og:type\" content=\"article\" \/>\n<meta property=\"og:title\" content=\"A message from the Director - CECD - Centre pour l&#039;\u00e9tude de la citoyennet\u00e9 d\u00e9mocratique\" \/>\n<meta property=\"og:description\" content=\"Citizenship and democracy need us Dear members of the Centre for the Study of Democratic Citizenship, Last September, I accepted the invitation from the members of the Centre&#039;s Steering Committee to lead our great team for the next three years. I have been a member since its creation in 2008. It is an unparalleled research [&hellip;]\" \/>\n<meta property=\"og:url\" content=\"https:\/\/csdc-cecd.ca\/en\/a-message-from-the-director\/\" \/>\n<meta property=\"og:site_name\" content=\"CECD - Centre pour l&#039;\u00e9tude de la citoyennet\u00e9 d\u00e9mocratique\" \/>\n<meta property=\"article:modified_time\" content=\"2026-01-26T15:16:27+00:00\" \/>\n<meta property=\"og:image\" content=\"https:\/\/csdc-cecd.ca\/wp-content\/uploads\/2026\/01\/TGiasson-2025_5.jpg-1.jpeg\" \/>\n\t<meta property=\"og:image:width\" content=\"2465\" \/>\n\t<meta property=\"og:image:height\" content=\"2465\" \/>\n\t<meta property=\"og:image:type\" content=\"image\/jpeg\" \/>\n<meta name=\"twitter:card\" content=\"summary_large_image\" \/>\n<script type=\"application\/ld+json\" class=\"yoast-schema-graph\">{\"@context\":\"https:\\\/\\\/schema.org\",\"@graph\":[{\"@type\":\"WebPage\",\"@id\":\"https:\\\/\\\/csdc-cecd.ca\\\/en\\\/a-message-from-the-director\\\/\",\"url\":\"https:\\\/\\\/csdc-cecd.ca\\\/en\\\/a-message-from-the-director\\\/\",\"name\":\"A message from the Director - CECD - Centre pour l&#039;\u00e9tude de la citoyennet\u00e9 d\u00e9mocratique\",\"isPartOf\":{\"@id\":\"https:\\\/\\\/csdc-cecd.ca\\\/#website\"},\"primaryImageOfPage\":{\"@id\":\"https:\\\/\\\/csdc-cecd.ca\\\/en\\\/a-message-from-the-director\\\/#primaryimage\"},\"image\":{\"@id\":\"https:\\\/\\\/csdc-cecd.ca\\\/en\\\/a-message-from-the-director\\\/#primaryimage\"},\"thumbnailUrl\":\"https:\\\/\\\/csdc-cecd.ca\\\/wp-content\\\/uploads\\\/2026\\\/01\\\/TGiasson-2025_5.jpg-1-300x300.jpeg\",\"datePublished\":\"2026-01-26T15:14:53+00:00\",\"dateModified\":\"2026-01-26T15:16:27+00:00\",\"breadcrumb\":{\"@id\":\"https:\\\/\\\/csdc-cecd.ca\\\/en\\\/a-message-from-the-director\\\/#breadcrumb\"},\"inLanguage\":\"en-US\",\"potentialAction\":[{\"@type\":\"ReadAction\",\"target\":[\"https:\\\/\\\/csdc-cecd.ca\\\/en\\\/a-message-from-the-director\\\/\"]}]},{\"@type\":\"ImageObject\",\"inLanguage\":\"en-US\",\"@id\":\"https:\\\/\\\/csdc-cecd.ca\\\/en\\\/a-message-from-the-director\\\/#primaryimage\",\"url\":\"https:\\\/\\\/csdc-cecd.ca\\\/wp-content\\\/uploads\\\/2026\\\/01\\\/TGiasson-2025_5.jpg-1-300x300.jpeg\",\"contentUrl\":\"https:\\\/\\\/csdc-cecd.ca\\\/wp-content\\\/uploads\\\/2026\\\/01\\\/TGiasson-2025_5.jpg-1-300x300.jpeg\"},{\"@type\":\"BreadcrumbList\",\"@id\":\"https:\\\/\\\/csdc-cecd.ca\\\/en\\\/a-message-from-the-director\\\/#breadcrumb\",\"itemListElement\":[{\"@type\":\"ListItem\",\"position\":1,\"name\":\"Accueil\",\"item\":\"https:\\\/\\\/csdc-cecd.ca\\\/en\\\/\"},{\"@type\":\"ListItem\",\"position\":2,\"name\":\"A message from the Director\"}]},{\"@type\":\"WebSite\",\"@id\":\"https:\\\/\\\/csdc-cecd.ca\\\/#website\",\"url\":\"https:\\\/\\\/csdc-cecd.ca\\\/\",\"name\":\"CECD - Centre pour l&#039;\u00e9tude de la citoyennet\u00e9 d\u00e9mocratique\",\"description\":\"\",\"potentialAction\":[{\"@type\":\"SearchAction\",\"target\":{\"@type\":\"EntryPoint\",\"urlTemplate\":\"https:\\\/\\\/csdc-cecd.ca\\\/?s={search_term_string}\"},\"query-input\":{\"@type\":\"PropertyValueSpecification\",\"valueRequired\":true,\"valueName\":\"search_term_string\"}}],\"inLanguage\":\"en-US\"}]}<\/script>\n<!-- \/ Yoast SEO plugin. -->","yoast_head_json":{"title":"A message from the Director - CECD - Centre pour l&#039;\u00e9tude de la citoyennet\u00e9 d\u00e9mocratique","robots":{"index":"index","follow":"follow","max-snippet":"max-snippet:-1","max-image-preview":"max-image-preview:large","max-video-preview":"max-video-preview:-1"},"canonical":"https:\/\/csdc-cecd.ca\/en\/a-message-from-the-director\/","og_locale":"en_US","og_type":"article","og_title":"A message from the Director - CECD - Centre pour l&#039;\u00e9tude de la citoyennet\u00e9 d\u00e9mocratique","og_description":"Citizenship and democracy need us Dear members of the Centre for the Study of Democratic Citizenship, Last September, I accepted the invitation from the members of the Centre's Steering Committee to lead our great team for the next three years. I have been a member since its creation in 2008. It is an unparalleled research [&hellip;]","og_url":"https:\/\/csdc-cecd.ca\/en\/a-message-from-the-director\/","og_site_name":"CECD - Centre pour l&#039;\u00e9tude de la citoyennet\u00e9 d\u00e9mocratique","article_modified_time":"2026-01-26T15:16:27+00:00","og_image":[{"width":2465,"height":2465,"url":"https:\/\/csdc-cecd.ca\/wp-content\/uploads\/2026\/01\/TGiasson-2025_5.jpg-1.jpeg","type":"image\/jpeg"}],"twitter_card":"summary_large_image","schema":{"@context":"https:\/\/schema.org","@graph":[{"@type":"WebPage","@id":"https:\/\/csdc-cecd.ca\/en\/a-message-from-the-director\/","url":"https:\/\/csdc-cecd.ca\/en\/a-message-from-the-director\/","name":"A message from the Director - CECD - Centre pour l&#039;\u00e9tude de la citoyennet\u00e9 d\u00e9mocratique","isPartOf":{"@id":"https:\/\/csdc-cecd.ca\/#website"},"primaryImageOfPage":{"@id":"https:\/\/csdc-cecd.ca\/en\/a-message-from-the-director\/#primaryimage"},"image":{"@id":"https:\/\/csdc-cecd.ca\/en\/a-message-from-the-director\/#primaryimage"},"thumbnailUrl":"https:\/\/csdc-cecd.ca\/wp-content\/uploads\/2026\/01\/TGiasson-2025_5.jpg-1-300x300.jpeg","datePublished":"2026-01-26T15:14:53+00:00","dateModified":"2026-01-26T15:16:27+00:00","breadcrumb":{"@id":"https:\/\/csdc-cecd.ca\/en\/a-message-from-the-director\/#breadcrumb"},"inLanguage":"en-US","potentialAction":[{"@type":"ReadAction","target":["https:\/\/csdc-cecd.ca\/en\/a-message-from-the-director\/"]}]},{"@type":"ImageObject","inLanguage":"en-US","@id":"https:\/\/csdc-cecd.ca\/en\/a-message-from-the-director\/#primaryimage","url":"https:\/\/csdc-cecd.ca\/wp-content\/uploads\/2026\/01\/TGiasson-2025_5.jpg-1-300x300.jpeg","contentUrl":"https:\/\/csdc-cecd.ca\/wp-content\/uploads\/2026\/01\/TGiasson-2025_5.jpg-1-300x300.jpeg"},{"@type":"BreadcrumbList","@id":"https:\/\/csdc-cecd.ca\/en\/a-message-from-the-director\/#breadcrumb","itemListElement":[{"@type":"ListItem","position":1,"name":"Accueil","item":"https:\/\/csdc-cecd.ca\/en\/"},{"@type":"ListItem","position":2,"name":"A message from the Director"}]},{"@type":"WebSite","@id":"https:\/\/csdc-cecd.ca\/#website","url":"https:\/\/csdc-cecd.ca\/","name":"CECD - Centre pour l&#039;\u00e9tude de la citoyennet\u00e9 d\u00e9mocratique","description":"","potentialAction":[{"@type":"SearchAction","target":{"@type":"EntryPoint","urlTemplate":"https:\/\/csdc-cecd.ca\/?s={search_term_string}"},"query-input":{"@type":"PropertyValueSpecification","valueRequired":true,"valueName":"search_term_string"}}],"inLanguage":"en-US"}]}},"_links":{"self":[{"href":"https:\/\/csdc-cecd.ca\/en\/wp-json\/wp\/v2\/pages\/7000","targetHints":{"allow":["GET"]}}],"collection":[{"href":"https:\/\/csdc-cecd.ca\/en\/wp-json\/wp\/v2\/pages"}],"about":[{"href":"https:\/\/csdc-cecd.ca\/en\/wp-json\/wp\/v2\/types\/page"}],"author":[{"embeddable":true,"href":"https:\/\/csdc-cecd.ca\/en\/wp-json\/wp\/v2\/users\/1"}],"replies":[{"embeddable":true,"href":"https:\/\/csdc-cecd.ca\/en\/wp-json\/wp\/v2\/comments?post=7000"}],"version-history":[{"count":4,"href":"https:\/\/csdc-cecd.ca\/en\/wp-json\/wp\/v2\/pages\/7000\/revisions"}],"predecessor-version":[{"id":7007,"href":"https:\/\/csdc-cecd.ca\/en\/wp-json\/wp\/v2\/pages\/7000\/revisions\/7007"}],"wp:attachment":[{"href":"https:\/\/csdc-cecd.ca\/en\/wp-json\/wp\/v2\/media?parent=7000"}],"curies":[{"name":"wp","href":"https:\/\/api.w.org\/{rel}","templated":true}]}}