{"id":7164,"date":"2026-02-06T14:03:02","date_gmt":"2026-02-06T19:03:02","guid":{"rendered":"https:\/\/csdc-cecd.ca\/?page_id=7164"},"modified":"2026-02-06T15:20:33","modified_gmt":"2026-02-06T20:20:33","slug":"speaker-series-2023-2024","status":"publish","type":"page","link":"https:\/\/csdc-cecd.ca\/en\/speaker-series-2023-2024\/","title":{"rendered":"Speaker Series 2023-2024"},"content":{"rendered":"\n[et_pb_section fb_built=&#8221;1&#8243; _builder_version=&#8221;4.27.5&#8243; _module_preset=&#8221;default&#8221; global_colors_info=&#8221;{}&#8221;][et_pb_row _builder_version=&#8221;4.27.5&#8243; _module_preset=&#8221;default&#8221; global_colors_info=&#8221;{}&#8221;][et_pb_column type=&#8221;4_4&#8243; _builder_version=&#8221;4.27.5&#8243; _module_preset=&#8221;default&#8221; global_colors_info=&#8221;{}&#8221;][et_pb_heading title=&#8221;Speaker Series 2023-2024&#8243; _builder_version=&#8221;4.27.5&#8243; _module_preset=&#8221;default&#8221; global_colors_info=&#8221;{}&#8221;][\/et_pb_heading][\/et_pb_column][\/et_pb_row][et_pb_row column_structure=&#8221;1_3,1_3,1_3&#8243; _builder_version=&#8221;4.27.5&#8243; _module_preset=&#8221;default&#8221; global_colors_info=&#8221;{}&#8221;][et_pb_column type=&#8221;1_3&#8243; _builder_version=&#8221;4.27.5&#8243; _module_preset=&#8221;default&#8221; global_colors_info=&#8221;{}&#8221;][et_pb_video src=&#8221;https:\/\/www.youtube.com\/watch?v=lkLchgzHvks&#8221; _builder_version=&#8221;4.27.5&#8243; _module_preset=&#8221;default&#8221; global_colors_info=&#8221;{}&#8221;][\/et_pb_video][et_pb_text _builder_version=&#8221;4.27.5&#8243; _module_preset=&#8221;default&#8221;]<h2>May 2nd, 2024<\/h2>\n<p><span style=\"text-decoration: underline;\"><strong>Mariano Torcal Loriente<\/strong><\/span> (Universitat Pompeu Fabra Barcelona, Espagne)<\/p>\n<p>Democratic experience matters twice: the cross-national and longitudinal effect of democracy on winner\/loser gaps in political trust<\/p>[\/et_pb_text][\/et_pb_column][et_pb_column type=&#8221;1_3&#8243; _builder_version=&#8221;4.27.5&#8243; _module_preset=&#8221;default&#8221; global_colors_info=&#8221;{}&#8221;][et_pb_video src=&#8221;https:\/\/www.youtube.com\/watch?v=4SCb5u4JSAw&#8221; _builder_version=&#8221;4.27.5&#8243; _module_preset=&#8221;default&#8221; global_colors_info=&#8221;{}&#8221;][\/et_pb_video][et_pb_text _builder_version=&#8221;4.27.5&#8243; _module_preset=&#8221;default&#8221;]<h2>April 19, 2024<\/h2>\n<p><span style=\"text-decoration: underline;\"><strong>Mads Andreas Elkjaer<\/strong><\/span> (U. of Copenhagen, Danemark)<\/p>\n<p>Middle-Class Democracy: Economic Inequality and Political Representation in Comparative Perspective<\/p>[\/et_pb_text][\/et_pb_column][et_pb_column type=&#8221;1_3&#8243; _builder_version=&#8221;4.27.5&#8243; _module_preset=&#8221;default&#8221; global_colors_info=&#8221;{}&#8221;][et_pb_video src=&#8221;https:\/\/www.youtube.com\/watch?v=OVgvsTcd0NE&#8221; _builder_version=&#8221;4.27.5&#8243; _module_preset=&#8221;default&#8221; global_colors_info=&#8221;{}&#8221;][\/et_pb_video][et_pb_text _builder_version=&#8221;4.27.5&#8243; _module_preset=&#8221;default&#8221;]<h2>February 16, 2024<\/h2>\n<p><span style=\"text-decoration: underline;\"><strong>Yasemin Soysal<\/strong><\/span> (WZB Berlin Social Science Center, Allemagne)<\/p>\n<p>Liberal Agentic Citizenship, its Global Reach and Limitations: Europe and China Comparisons<\/p>[\/et_pb_text][\/et_pb_column][\/et_pb_row][et_pb_row column_structure=&#8221;1_3,1_3,1_3&#8243; _builder_version=&#8221;4.27.5&#8243; _module_preset=&#8221;default&#8221; global_colors_info=&#8221;{}&#8221;][et_pb_column type=&#8221;1_3&#8243; _builder_version=&#8221;4.27.5&#8243; _module_preset=&#8221;default&#8221; global_colors_info=&#8221;{}&#8221;][et_pb_video src=&#8221;https:\/\/www.youtube.com\/watch?v=5HM5w5wg-Q0&#8243; _builder_version=&#8221;4.27.5&#8243; _module_preset=&#8221;default&#8221; global_colors_info=&#8221;{}&#8221;][\/et_pb_video][et_pb_text _builder_version=&#8221;4.27.5&#8243; _module_preset=&#8221;default&#8221;]<h2>January 12, 2024<\/h2>\n<p><span style=\"text-decoration: underline;\"><strong>Mathias Poertner<\/strong><\/span> (London School of Economics and Political Science)<\/p>\n<p>Overcoming Barriers to Political Participation and Representation: Evidence from Natural Experiments<\/p>[\/et_pb_text][\/et_pb_column][et_pb_column type=&#8221;1_3&#8243; _builder_version=&#8221;4.27.5&#8243; _module_preset=&#8221;default&#8221; global_colors_info=&#8221;{}&#8221;][et_pb_video src=&#8221;https:\/\/www.youtube.com\/watch?v=ujZ7urbUsYU&#038;t=5s&#8221; _builder_version=&#8221;4.27.5&#8243; _module_preset=&#8221;default&#8221; hover_enabled=&#8221;0&#8243; global_colors_info=&#8221;{}&#8221; sticky_enabled=&#8221;0&#8243;][\/et_pb_video][et_pb_text _builder_version=&#8221;4.27.5&#8243; _module_preset=&#8221;default&#8221;]<h2>December 8, 2023<\/h2>\n<p><span style=\"text-decoration: underline;\"><strong>\u00c9velyne Brie<\/strong><\/span> (Western University)<\/p>\n<p>Glottophobie dans la Conf\u00e9d\u00e9ration<\/p>[\/et_pb_text][\/et_pb_column][et_pb_column type=&#8221;1_3&#8243; _builder_version=&#8221;4.27.5&#8243; _module_preset=&#8221;default&#8221; global_colors_info=&#8221;{}&#8221;][et_pb_video src=&#8221;https:\/\/www.youtube.com\/watch?v=Si1g2F1Vt38&#8243; _builder_version=&#8221;4.27.5&#8243; _module_preset=&#8221;default&#8221; global_colors_info=&#8221;{}&#8221;][\/et_pb_video][et_pb_text _builder_version=&#8221;4.27.5&#8243; _module_preset=&#8221;default&#8221;]<h2>October 6, 2023<\/h2>\n<p><span style=\"text-decoration: underline;\"><strong>Andrew Guess<\/strong><\/span> (Princeton, \u00c9tats-Unis)<\/p>\n<p>How Do Social Media Algorithms Affect Platform Use, Attitudes and Behavior?<\/p>[\/et_pb_text][\/et_pb_column][\/et_pb_row][\/et_pb_section]\n","protected":false},"excerpt":{"rendered":"<p>May 2nd, 2024 Mariano Torcal Loriente (Universitat Pompeu Fabra Barcelona, Espagne) Democratic experience matters twice: the cross-national and longitudinal effect of democracy on winner\/loser gaps in political trustApril 19, 2024 Mads Andreas Elkjaer (U. of Copenhagen, Danemark) Middle-Class Democracy: Economic Inequality and Political Representation in Comparative PerspectiveFebruary 16, 2024 Yasemin Soysal (WZB Berlin Social Science [&hellip;]<\/p>\n","protected":false},"author":1,"featured_media":0,"parent":0,"menu_order":0,"comment_status":"closed","ping_status":"closed","template":"","meta":{"_et_pb_use_builder":"on","_et_pb_old_content":"","_et_gb_content_width":"","footnotes":""},"class_list":["post-7164","page","type-page","status-publish","hentry"],"yoast_head":"<!-- This site is optimized with the Yoast SEO plugin v27.5 - https:\/\/yoast.com\/product\/yoast-seo-wordpress\/ -->\n<title>Speaker Series 2023-2024 - CECD - Centre pour l&#039;\u00e9tude de la citoyennet\u00e9 d\u00e9mocratique<\/title>\n<meta name=\"robots\" content=\"index, follow, max-snippet:-1, max-image-preview:large, max-video-preview:-1\" \/>\n<link rel=\"canonical\" href=\"https:\/\/csdc-cecd.ca\/en\/speaker-series-2023-2024\/\" \/>\n<meta property=\"og:locale\" content=\"en_US\" \/>\n<meta property=\"og:type\" content=\"article\" \/>\n<meta property=\"og:title\" content=\"Speaker Series 2023-2024 - CECD - Centre pour l&#039;\u00e9tude de la citoyennet\u00e9 d\u00e9mocratique\" \/>\n<meta property=\"og:description\" content=\"May 2nd, 2024 Mariano Torcal Loriente (Universitat Pompeu Fabra Barcelona, Espagne) Democratic experience matters twice: the cross-national and longitudinal effect of democracy on winner\/loser gaps in political trustApril 19, 2024 Mads Andreas Elkjaer (U. of Copenhagen, Danemark) Middle-Class Democracy: Economic Inequality and Political Representation in Comparative PerspectiveFebruary 16, 2024 Yasemin Soysal (WZB Berlin Social Science [&hellip;]\" \/>\n<meta property=\"og:url\" content=\"https:\/\/csdc-cecd.ca\/en\/speaker-series-2023-2024\/\" \/>\n<meta property=\"og:site_name\" content=\"CECD - Centre pour l&#039;\u00e9tude de la citoyennet\u00e9 d\u00e9mocratique\" \/>\n<meta property=\"article:modified_time\" content=\"2026-02-06T20:20:33+00:00\" \/>\n<meta name=\"twitter:card\" content=\"summary_large_image\" \/>\n<meta name=\"twitter:label1\" content=\"Est. reading time\" \/>\n\t<meta name=\"twitter:data1\" content=\"2 minutes\" \/>\n<script type=\"application\/ld+json\" class=\"yoast-schema-graph\">{\"@context\":\"https:\\\/\\\/schema.org\",\"@graph\":[{\"@type\":\"WebPage\",\"@id\":\"https:\\\/\\\/csdc-cecd.ca\\\/en\\\/speaker-series-2023-2024\\\/\",\"url\":\"https:\\\/\\\/csdc-cecd.ca\\\/en\\\/speaker-series-2023-2024\\\/\",\"name\":\"Speaker Series 2023-2024 - CECD - Centre pour l&#039;\u00e9tude de la citoyennet\u00e9 d\u00e9mocratique\",\"isPartOf\":{\"@id\":\"https:\\\/\\\/csdc-cecd.ca\\\/#website\"},\"datePublished\":\"2026-02-06T19:03:02+00:00\",\"dateModified\":\"2026-02-06T20:20:33+00:00\",\"breadcrumb\":{\"@id\":\"https:\\\/\\\/csdc-cecd.ca\\\/en\\\/speaker-series-2023-2024\\\/#breadcrumb\"},\"inLanguage\":\"en-US\",\"potentialAction\":[{\"@type\":\"ReadAction\",\"target\":[\"https:\\\/\\\/csdc-cecd.ca\\\/en\\\/speaker-series-2023-2024\\\/\"]}]},{\"@type\":\"BreadcrumbList\",\"@id\":\"https:\\\/\\\/csdc-cecd.ca\\\/en\\\/speaker-series-2023-2024\\\/#breadcrumb\",\"itemListElement\":[{\"@type\":\"ListItem\",\"position\":1,\"name\":\"Accueil\",\"item\":\"https:\\\/\\\/csdc-cecd.ca\\\/en\\\/\"},{\"@type\":\"ListItem\",\"position\":2,\"name\":\"Speaker Series 2023-2024\"}]},{\"@type\":\"WebSite\",\"@id\":\"https:\\\/\\\/csdc-cecd.ca\\\/#website\",\"url\":\"https:\\\/\\\/csdc-cecd.ca\\\/\",\"name\":\"CECD - Centre pour l&#039;\u00e9tude de la citoyennet\u00e9 d\u00e9mocratique\",\"description\":\"\",\"potentialAction\":[{\"@type\":\"SearchAction\",\"target\":{\"@type\":\"EntryPoint\",\"urlTemplate\":\"https:\\\/\\\/csdc-cecd.ca\\\/?s={search_term_string}\"},\"query-input\":{\"@type\":\"PropertyValueSpecification\",\"valueRequired\":true,\"valueName\":\"search_term_string\"}}],\"inLanguage\":\"en-US\"}]}<\/script>\n<!-- \/ Yoast SEO plugin. -->","yoast_head_json":{"title":"Speaker Series 2023-2024 - CECD - Centre pour l&#039;\u00e9tude de la citoyennet\u00e9 d\u00e9mocratique","robots":{"index":"index","follow":"follow","max-snippet":"max-snippet:-1","max-image-preview":"max-image-preview:large","max-video-preview":"max-video-preview:-1"},"canonical":"https:\/\/csdc-cecd.ca\/en\/speaker-series-2023-2024\/","og_locale":"en_US","og_type":"article","og_title":"Speaker Series 2023-2024 - CECD - Centre pour l&#039;\u00e9tude de la citoyennet\u00e9 d\u00e9mocratique","og_description":"May 2nd, 2024 Mariano Torcal Loriente (Universitat Pompeu Fabra Barcelona, Espagne) Democratic experience matters twice: the cross-national and longitudinal effect of democracy on winner\/loser gaps in political trustApril 19, 2024 Mads Andreas Elkjaer (U. of Copenhagen, Danemark) Middle-Class Democracy: Economic Inequality and Political Representation in Comparative PerspectiveFebruary 16, 2024 Yasemin Soysal (WZB Berlin Social Science [&hellip;]","og_url":"https:\/\/csdc-cecd.ca\/en\/speaker-series-2023-2024\/","og_site_name":"CECD - Centre pour l&#039;\u00e9tude de la citoyennet\u00e9 d\u00e9mocratique","article_modified_time":"2026-02-06T20:20:33+00:00","twitter_card":"summary_large_image","twitter_misc":{"Est. reading time":"2 minutes"},"schema":{"@context":"https:\/\/schema.org","@graph":[{"@type":"WebPage","@id":"https:\/\/csdc-cecd.ca\/en\/speaker-series-2023-2024\/","url":"https:\/\/csdc-cecd.ca\/en\/speaker-series-2023-2024\/","name":"Speaker Series 2023-2024 - CECD - Centre pour l&#039;\u00e9tude de la citoyennet\u00e9 d\u00e9mocratique","isPartOf":{"@id":"https:\/\/csdc-cecd.ca\/#website"},"datePublished":"2026-02-06T19:03:02+00:00","dateModified":"2026-02-06T20:20:33+00:00","breadcrumb":{"@id":"https:\/\/csdc-cecd.ca\/en\/speaker-series-2023-2024\/#breadcrumb"},"inLanguage":"en-US","potentialAction":[{"@type":"ReadAction","target":["https:\/\/csdc-cecd.ca\/en\/speaker-series-2023-2024\/"]}]},{"@type":"BreadcrumbList","@id":"https:\/\/csdc-cecd.ca\/en\/speaker-series-2023-2024\/#breadcrumb","itemListElement":[{"@type":"ListItem","position":1,"name":"Accueil","item":"https:\/\/csdc-cecd.ca\/en\/"},{"@type":"ListItem","position":2,"name":"Speaker Series 2023-2024"}]},{"@type":"WebSite","@id":"https:\/\/csdc-cecd.ca\/#website","url":"https:\/\/csdc-cecd.ca\/","name":"CECD - Centre pour l&#039;\u00e9tude de la citoyennet\u00e9 d\u00e9mocratique","description":"","potentialAction":[{"@type":"SearchAction","target":{"@type":"EntryPoint","urlTemplate":"https:\/\/csdc-cecd.ca\/?s={search_term_string}"},"query-input":{"@type":"PropertyValueSpecification","valueRequired":true,"valueName":"search_term_string"}}],"inLanguage":"en-US"}]}},"_links":{"self":[{"href":"https:\/\/csdc-cecd.ca\/en\/wp-json\/wp\/v2\/pages\/7164","targetHints":{"allow":["GET"]}}],"collection":[{"href":"https:\/\/csdc-cecd.ca\/en\/wp-json\/wp\/v2\/pages"}],"about":[{"href":"https:\/\/csdc-cecd.ca\/en\/wp-json\/wp\/v2\/types\/page"}],"author":[{"embeddable":true,"href":"https:\/\/csdc-cecd.ca\/en\/wp-json\/wp\/v2\/users\/1"}],"replies":[{"embeddable":true,"href":"https:\/\/csdc-cecd.ca\/en\/wp-json\/wp\/v2\/comments?post=7164"}],"version-history":[{"count":4,"href":"https:\/\/csdc-cecd.ca\/en\/wp-json\/wp\/v2\/pages\/7164\/revisions"}],"predecessor-version":[{"id":7172,"href":"https:\/\/csdc-cecd.ca\/en\/wp-json\/wp\/v2\/pages\/7164\/revisions\/7172"}],"wp:attachment":[{"href":"https:\/\/csdc-cecd.ca\/en\/wp-json\/wp\/v2\/media?parent=7164"}],"curies":[{"name":"wp","href":"https:\/\/api.w.org\/{rel}","templated":true}]}}