{"id":7474,"date":"2026-03-11T10:23:34","date_gmt":"2026-03-11T14:23:34","guid":{"rendered":"https:\/\/csdc-cecd.ca\/democratic-backsliding-d-stolle\/"},"modified":"2026-03-11T13:24:47","modified_gmt":"2026-03-11T17:24:47","slug":"democratic-backsliding-d-stolle","status":"publish","type":"page","link":"https:\/\/csdc-cecd.ca\/en\/democratic-backsliding-d-stolle\/","title":{"rendered":"Democratic backsliding &#8211; D. Stolle"},"content":{"rendered":"<p>[et_pb_section fb_built=&#8221;1&#8243; _builder_version=&#8221;4.27.6&#8243; _module_preset=&#8221;default&#8221; global_colors_info=&#8221;{}&#8221;][et_pb_row _builder_version=&#8221;4.27.6&#8243; _module_preset=&#8221;default&#8221; global_colors_info=&#8221;{}&#8221;][et_pb_column type=&#8221;4_4&#8243; _builder_version=&#8221;4.27.6&#8243; _module_preset=&#8221;default&#8221; global_colors_info=&#8221;{}&#8221;][et_pb_image src=&#8221;https:\/\/csdc-cecd.ca\/wp-content\/uploads\/2026\/03\/DIETLIND-STOLLE-LES-RDV-DE-SCIENCE-POLITIQUE.jpg&#8221; title_text=&#8221;DIETLIND STOLLE &#8211; LES RDV DE SCIENCE POLITIQUE&#8221; _builder_version=&#8221;4.27.6&#8243; _module_preset=&#8221;default&#8221; global_colors_info=&#8221;{}&#8221;][\/et_pb_image][\/et_pb_column][\/et_pb_row][et_pb_row _builder_version=&#8221;4.27.6&#8243; _module_preset=&#8221;default&#8221; global_colors_info=&#8221;{}&#8221;][et_pb_column type=&#8221;4_4&#8243; _builder_version=&#8221;4.27.6&#8243; _module_preset=&#8221;default&#8221; global_colors_info=&#8221;{}&#8221;][et_pb_text _builder_version=&#8221;4.27.6&#8243; _module_preset=&#8221;default&#8221; hover_enabled=&#8221;0&#8243; global_colors_info=&#8221;{}&#8221; sticky_enabled=&#8221;0&#8243;]<\/p>\n<p class=\"p1\"><a class=\"XqQF9c rXJpyf\" href=\"https:\/\/www.google.com\/url?q=https%3A%2F%2Fwww.democratie.chaire.ulaval.ca%2Findex.php%3Fpid%3D933&amp;sa=D&amp;sntz=1&amp;usg=AOvVaw1cXCSBehoEVEx_8ah1iyk7\" target=\"_blank\" rel=\"noopener\">The<span>\u00a0<\/span><\/a><span class=\" aw5Odc\"><a class=\"XqQF9c\" href=\"https:\/\/www.google.com\/url?q=https%3A%2F%2Fwww.democratie.chaire.ulaval.ca%2Findex.php%3Fpid%3D933&amp;sa=D&amp;sntz=1&amp;usg=AOvVaw1cXCSBehoEVEx_8ah1iyk7\" target=\"_blank\" rel=\"noopener\">Chaire de recherche sur la d\u00e9mocratie et les institutions parlementaires<\/a><\/span><span>\u00a0with support of the Centre for the Study of Democratic Citizenship presents :<\/span><\/p>\n<p class=\"p1\">Perspectives on democratic backsliding<br \/><a href=\"https:\/\/csdc-cecd.ca\/en\/chercheurses\/?id=29\">Dietlind Stolle<\/a> (McGill)<\/p>\n<p class=\"p1\">When : April 9, 2026 , 12 \u2013 1:15 p.m.<br \/>Ou : U. Laval,<span>\u00a0<\/span><span>Pavillon Charles-De Koninck, salle DKN 3244, 1030 Av. des Sciences Humaines, Qu\u00e9bec, QC G1V 0A6<\/span><\/p>\n<p class=\"p1\"><span>ZOOM :\u00a0<\/span><a href=\"https:\/\/ulaval.zoom.us\/j\/65807784518?pwd=VCBNLa8UapR6vjeaavOOKC1G83rDV0.1#success\">https:\/\/ulaval.zoom.us\/j\/65807784518?pwd=VCBNLa8UapR6vjeaavOOKC1G83rDV0.1#success<\/a><br \/>Meeting ID : 658 0778 4518<br \/>Passcode : 417729<\/p>\n<p>Warning signs are mounting: in many Western democracies, younger cohorts express weaker attachment to democratic norms. This talk advances a unified account of the micro-foundations of democratic deconsolidation, showing how citizens\u2019 democratic commitments become conditional under pressure. I argue that perceived threats\u2014whether rooted in acute security crises or in status- based anxieties \u2014 can heighten demand for protection and increase tolerance for violations of democratic rules. At the same time, a]ective polarization does not automatically erode democratic commitments; its impact depends on specific political configurations that make executive power expansion appear instrumentally attractive. Across these dynamics, democratic backsliding emerges less as a sudden institutional rupture than as a gradual reweighting of citizen priorities away from procedural constraints and toward protection, competition, and authority.<\/p>\n<p>[\/et_pb_text][\/et_pb_column][\/et_pb_row][\/et_pb_section]<\/p>\n","protected":false},"excerpt":{"rendered":"<p>The\u00a0Chaire de recherche sur la d\u00e9mocratie et les institutions parlementaires\u00a0with support of the Centre for the Study of Democratic Citizenship presents : Perspectives on democratic backslidingDietlind Stolle (McGill) When : April 9, 2026 , 12 \u2013 1:15 p.m.Ou : U. Laval,\u00a0Pavillon Charles-De Koninck, salle DKN 3244, 1030 Av. des Sciences Humaines, Qu\u00e9bec, QC G1V 0A6 [&hellip;]<\/p>\n","protected":false},"author":1,"featured_media":0,"parent":0,"menu_order":0,"comment_status":"closed","ping_status":"closed","template":"","meta":{"_et_pb_use_builder":"on","_et_pb_old_content":"","_et_gb_content_width":"","footnotes":""},"class_list":["post-7474","page","type-page","status-publish","hentry"],"yoast_head":"<!-- This site is optimized with the Yoast SEO plugin v27.4 - https:\/\/yoast.com\/product\/yoast-seo-wordpress\/ -->\n<title>Democratic backsliding - D. Stolle - CECD - Centre pour l&#039;\u00e9tude de la citoyennet\u00e9 d\u00e9mocratique<\/title>\n<meta name=\"robots\" content=\"index, follow, max-snippet:-1, max-image-preview:large, max-video-preview:-1\" \/>\n<link rel=\"canonical\" href=\"https:\/\/csdc-cecd.ca\/democratic-backsliding-d-stolle\/\" \/>\n<meta property=\"og:locale\" content=\"en_US\" \/>\n<meta property=\"og:type\" content=\"article\" \/>\n<meta property=\"og:title\" content=\"Democratic backsliding - D. Stolle - CECD - Centre pour l&#039;\u00e9tude de la citoyennet\u00e9 d\u00e9mocratique\" \/>\n<meta property=\"og:description\" content=\"The\u00a0Chaire de recherche sur la d\u00e9mocratie et les institutions parlementaires\u00a0with support of the Centre for the Study of Democratic Citizenship presents : Perspectives on democratic backslidingDietlind Stolle (McGill) When : April 9, 2026 , 12 \u2013 1:15 p.m.Ou : U. Laval,\u00a0Pavillon Charles-De Koninck, salle DKN 3244, 1030 Av. des Sciences Humaines, Qu\u00e9bec, QC G1V 0A6 [&hellip;]\" \/>\n<meta property=\"og:url\" content=\"https:\/\/csdc-cecd.ca\/democratic-backsliding-d-stolle\/\" \/>\n<meta property=\"og:site_name\" content=\"CECD - Centre pour l&#039;\u00e9tude de la citoyennet\u00e9 d\u00e9mocratique\" \/>\n<meta property=\"article:modified_time\" content=\"2026-03-11T17:24:47+00:00\" \/>\n<meta name=\"twitter:card\" content=\"summary_large_image\" \/>\n<meta name=\"twitter:label1\" content=\"Est. reading time\" \/>\n\t<meta name=\"twitter:data1\" content=\"2 minutes\" \/>\n<script type=\"application\/ld+json\" class=\"yoast-schema-graph\">{\"@context\":\"https:\\\/\\\/schema.org\",\"@graph\":[{\"@type\":\"WebPage\",\"@id\":\"https:\\\/\\\/csdc-cecd.ca\\\/democratic-backsliding-d-stolle\\\/\",\"url\":\"https:\\\/\\\/csdc-cecd.ca\\\/democratic-backsliding-d-stolle\\\/\",\"name\":\"Democratic backsliding - D. Stolle - CECD - Centre pour l&#039;\u00e9tude de la citoyennet\u00e9 d\u00e9mocratique\",\"isPartOf\":{\"@id\":\"https:\\\/\\\/csdc-cecd.ca\\\/#website\"},\"datePublished\":\"2026-03-11T14:23:34+00:00\",\"dateModified\":\"2026-03-11T17:24:47+00:00\",\"breadcrumb\":{\"@id\":\"https:\\\/\\\/csdc-cecd.ca\\\/democratic-backsliding-d-stolle\\\/#breadcrumb\"},\"inLanguage\":\"en-US\",\"potentialAction\":[{\"@type\":\"ReadAction\",\"target\":[\"https:\\\/\\\/csdc-cecd.ca\\\/democratic-backsliding-d-stolle\\\/\"]}]},{\"@type\":\"BreadcrumbList\",\"@id\":\"https:\\\/\\\/csdc-cecd.ca\\\/democratic-backsliding-d-stolle\\\/#breadcrumb\",\"itemListElement\":[{\"@type\":\"ListItem\",\"position\":1,\"name\":\"Accueil\",\"item\":\"https:\\\/\\\/csdc-cecd.ca\\\/en\\\/\"},{\"@type\":\"ListItem\",\"position\":2,\"name\":\"Democratic backsliding &#8211; D. Stolle\"}]},{\"@type\":\"WebSite\",\"@id\":\"https:\\\/\\\/csdc-cecd.ca\\\/#website\",\"url\":\"https:\\\/\\\/csdc-cecd.ca\\\/\",\"name\":\"CECD - Centre pour l&#039;\u00e9tude de la citoyennet\u00e9 d\u00e9mocratique\",\"description\":\"\",\"potentialAction\":[{\"@type\":\"SearchAction\",\"target\":{\"@type\":\"EntryPoint\",\"urlTemplate\":\"https:\\\/\\\/csdc-cecd.ca\\\/?s={search_term_string}\"},\"query-input\":{\"@type\":\"PropertyValueSpecification\",\"valueRequired\":true,\"valueName\":\"search_term_string\"}}],\"inLanguage\":\"en-US\"}]}<\/script>\n<!-- \/ Yoast SEO plugin. -->","yoast_head_json":{"title":"Democratic backsliding - D. Stolle - CECD - Centre pour l&#039;\u00e9tude de la citoyennet\u00e9 d\u00e9mocratique","robots":{"index":"index","follow":"follow","max-snippet":"max-snippet:-1","max-image-preview":"max-image-preview:large","max-video-preview":"max-video-preview:-1"},"canonical":"https:\/\/csdc-cecd.ca\/democratic-backsliding-d-stolle\/","og_locale":"en_US","og_type":"article","og_title":"Democratic backsliding - D. Stolle - CECD - Centre pour l&#039;\u00e9tude de la citoyennet\u00e9 d\u00e9mocratique","og_description":"The\u00a0Chaire de recherche sur la d\u00e9mocratie et les institutions parlementaires\u00a0with support of the Centre for the Study of Democratic Citizenship presents : Perspectives on democratic backslidingDietlind Stolle (McGill) When : April 9, 2026 , 12 \u2013 1:15 p.m.Ou : U. Laval,\u00a0Pavillon Charles-De Koninck, salle DKN 3244, 1030 Av. des Sciences Humaines, Qu\u00e9bec, QC G1V 0A6 [&hellip;]","og_url":"https:\/\/csdc-cecd.ca\/democratic-backsliding-d-stolle\/","og_site_name":"CECD - Centre pour l&#039;\u00e9tude de la citoyennet\u00e9 d\u00e9mocratique","article_modified_time":"2026-03-11T17:24:47+00:00","twitter_card":"summary_large_image","twitter_misc":{"Est. reading time":"2 minutes"},"schema":{"@context":"https:\/\/schema.org","@graph":[{"@type":"WebPage","@id":"https:\/\/csdc-cecd.ca\/democratic-backsliding-d-stolle\/","url":"https:\/\/csdc-cecd.ca\/democratic-backsliding-d-stolle\/","name":"Democratic backsliding - D. Stolle - CECD - Centre pour l&#039;\u00e9tude de la citoyennet\u00e9 d\u00e9mocratique","isPartOf":{"@id":"https:\/\/csdc-cecd.ca\/#website"},"datePublished":"2026-03-11T14:23:34+00:00","dateModified":"2026-03-11T17:24:47+00:00","breadcrumb":{"@id":"https:\/\/csdc-cecd.ca\/democratic-backsliding-d-stolle\/#breadcrumb"},"inLanguage":"en-US","potentialAction":[{"@type":"ReadAction","target":["https:\/\/csdc-cecd.ca\/democratic-backsliding-d-stolle\/"]}]},{"@type":"BreadcrumbList","@id":"https:\/\/csdc-cecd.ca\/democratic-backsliding-d-stolle\/#breadcrumb","itemListElement":[{"@type":"ListItem","position":1,"name":"Accueil","item":"https:\/\/csdc-cecd.ca\/en\/"},{"@type":"ListItem","position":2,"name":"Democratic backsliding &#8211; D. Stolle"}]},{"@type":"WebSite","@id":"https:\/\/csdc-cecd.ca\/#website","url":"https:\/\/csdc-cecd.ca\/","name":"CECD - Centre pour l&#039;\u00e9tude de la citoyennet\u00e9 d\u00e9mocratique","description":"","potentialAction":[{"@type":"SearchAction","target":{"@type":"EntryPoint","urlTemplate":"https:\/\/csdc-cecd.ca\/?s={search_term_string}"},"query-input":{"@type":"PropertyValueSpecification","valueRequired":true,"valueName":"search_term_string"}}],"inLanguage":"en-US"}]}},"_links":{"self":[{"href":"https:\/\/csdc-cecd.ca\/en\/wp-json\/wp\/v2\/pages\/7474","targetHints":{"allow":["GET"]}}],"collection":[{"href":"https:\/\/csdc-cecd.ca\/en\/wp-json\/wp\/v2\/pages"}],"about":[{"href":"https:\/\/csdc-cecd.ca\/en\/wp-json\/wp\/v2\/types\/page"}],"author":[{"embeddable":true,"href":"https:\/\/csdc-cecd.ca\/en\/wp-json\/wp\/v2\/users\/1"}],"replies":[{"embeddable":true,"href":"https:\/\/csdc-cecd.ca\/en\/wp-json\/wp\/v2\/comments?post=7474"}],"version-history":[{"count":2,"href":"https:\/\/csdc-cecd.ca\/en\/wp-json\/wp\/v2\/pages\/7474\/revisions"}],"predecessor-version":[{"id":7479,"href":"https:\/\/csdc-cecd.ca\/en\/wp-json\/wp\/v2\/pages\/7474\/revisions\/7479"}],"wp:attachment":[{"href":"https:\/\/csdc-cecd.ca\/en\/wp-json\/wp\/v2\/media?parent=7474"}],"curies":[{"name":"wp","href":"https:\/\/api.w.org\/{rel}","templated":true}]}}